{"id":1371,"date":"2018-02-28T10:31:26","date_gmt":"2018-02-28T16:31:26","guid":{"rendered":"http:\/\/maytemunoz.net\/?page_id=1371"},"modified":"2018-09-19T22:44:25","modified_gmt":"2018-09-20T04:44:25","slug":"publicaciones","status":"publish","type":"page","link":"https:\/\/maytemunoz.net\/?page_id=1371","title":{"rendered":"Publicaciones"},"content":{"rendered":"<div id=\"pl-1371\"  class=\"panel-layout\" ><div id=\"pg-1371-0\"  class=\"panel-grid panel-no-style\" ><div id=\"pgc-1371-0-0\"  class=\"panel-grid-cell\" ><div id=\"panel-1371-0-0-0\" class=\"so-panel widget widget_media_image panel-first-child\" data-index=\"0\" ><h3 class=\"widget-title\">Un acercamiento cr\u00edtico a la epistemolog\u00eda<\/h3><a href=\"https:\/\/issuu.com\/publicaciones_uic\/docs\/libro_un_acercamiento_cr__tico_a_la\"><img width=\"202\" height=\"300\" src=\"https:\/\/maytemunoz.net\/wp-content\/uploads\/2018\/08\/epistemologia-202x300.jpg\" class=\"image wp-image-1749  attachment-medium size-medium\" alt=\"\" decoding=\"async\" loading=\"lazy\" style=\"max-width: 100%; height: auto;\" srcset=\"https:\/\/maytemunoz.net\/wp-content\/uploads\/2018\/08\/epistemologia-202x300.jpg 202w, https:\/\/maytemunoz.net\/wp-content\/uploads\/2018\/08\/epistemologia-768x1142.jpg 768w, https:\/\/maytemunoz.net\/wp-content\/uploads\/2018\/08\/epistemologia-689x1024.jpg 689w, https:\/\/maytemunoz.net\/wp-content\/uploads\/2018\/08\/epistemologia.jpg 1824w\" sizes=\"100vw\" \/><\/a><\/div><div id=\"panel-1371-0-0-1\" class=\"so-panel widget widget_media_image\" data-index=\"1\" ><h3 class=\"widget-title\">Revoluci\u00f3n y violencia en la filosof\u00eda de Hannah Arendt<\/h3><a href=\"http:\/\/www.gandhi.com.mx\/revolucion-y-violencia-en-la-filosofia-de-hannah-arendt\"><img width=\"225\" height=\"300\" src=\"https:\/\/maytemunoz.net\/wp-content\/uploads\/2018\/08\/revolucion-225x300.jpg\" class=\"image wp-image-1742  attachment-medium size-medium\" alt=\"\" decoding=\"async\" loading=\"lazy\" style=\"max-width: 100%; height: auto;\" srcset=\"https:\/\/maytemunoz.net\/wp-content\/uploads\/2018\/08\/revolucion-225x300.jpg 225w, https:\/\/maytemunoz.net\/wp-content\/uploads\/2018\/08\/revolucion.jpg 720w\" sizes=\"100vw\" \/><\/a><\/div><div id=\"panel-1371-0-0-2\" class=\"so-panel widget widget_media_image\" data-index=\"2\" ><h3 class=\"widget-title\">Wittgenstein y la articulaci\u00f3n ling\u00fc\u00edstica de lo p\u00fablico<\/h3><a href=\"http:\/\/www.gandhi.com.mx\/revolucion-y-violencia-en-la-filosofia-de-hannah-arendt\"><img width=\"136\" height=\"199\" src=\"https:\/\/maytemunoz.net\/wp-content\/uploads\/2018\/08\/portada-libro-wittgenstein.jpg\" class=\"image wp-image-1751  attachment-full size-full\" alt=\"\" decoding=\"async\" loading=\"lazy\" style=\"max-width: 100%; height: auto;\" sizes=\"100vw\" \/><\/a><\/div><div id=\"panel-1371-0-0-3\" class=\"so-panel widget widget_media_image\" data-index=\"3\" ><h3 class=\"widget-title\">Pensar el espacio p\u00fablico Ensayos cr\u00edticos desde el pensamiento arendtiano<\/h3><a href=\"http:\/\/www.gandhi.com.mx\/revolucion-y-violencia-en-la-filosofia-de-hannah-arendt\"><img width=\"139\" height=\"199\" src=\"https:\/\/maytemunoz.net\/wp-content\/uploads\/2018\/08\/portada-de-pensar-el-espacio-p\u00fablico.jpg\" class=\"image wp-image-1752  attachment-full size-full\" alt=\"\" decoding=\"async\" loading=\"lazy\" style=\"max-width: 100%; height: auto;\" sizes=\"100vw\" \/><\/a><\/div><div id=\"panel-1371-0-0-4\" class=\"so-panel widget widget_nav_menu\" data-index=\"4\" ><h3 class=\"widget-title\">Sitios de Inter\u00e9s<\/h3><\/div><div id=\"panel-1371-0-0-5\" class=\"so-panel widget widget_nav_menu\" data-index=\"5\" ><h3 class=\"widget-title\">Sitios de Inter\u00e9s<\/h3><\/div><div id=\"panel-1371-0-0-6\" class=\"so-panel widget widget_nav_menu\" data-index=\"6\" ><h3 class=\"widget-title\">Sitios de Inter\u00e9s<\/h3><\/div><div id=\"panel-1371-0-0-7\" class=\"so-panel widget widget_nav_menu panel-last-child\" data-index=\"7\" ><h3 class=\"widget-title\">Sitios de Inter\u00e9s<\/h3><\/div><\/div><\/div><\/div>","protected":false},"excerpt":{"rendered":"<p>Un acercamiento cr\u00edtico a la epistemolog\u00edaRevoluci\u00f3n y violencia en la filosof\u00eda de Hannah ArendtWittgenstein y la articulaci\u00f3n ling\u00fc\u00edstica de lo p\u00fablicoPensar el espacio p\u00fablico Ensayos cr\u00edticos desde el pensamiento arendtianoSitios de Inter\u00e9sSitios de Inter\u00e9sSitios de Inter\u00e9sSitios de Inter\u00e9s<\/p>\n","protected":false},"author":5,"featured_media":0,"parent":0,"menu_order":0,"comment_status":"closed","ping_status":"closed","template":"","meta":[],"_links":{"self":[{"href":"https:\/\/maytemunoz.net\/index.php?rest_route=\/wp\/v2\/pages\/1371"}],"collection":[{"href":"https:\/\/maytemunoz.net\/index.php?rest_route=\/wp\/v2\/pages"}],"about":[{"href":"https:\/\/maytemunoz.net\/index.php?rest_route=\/wp\/v2\/types\/page"}],"author":[{"embeddable":true,"href":"https:\/\/maytemunoz.net\/index.php?rest_route=\/wp\/v2\/users\/5"}],"replies":[{"embeddable":true,"href":"https:\/\/maytemunoz.net\/index.php?rest_route=%2Fwp%2Fv2%2Fcomments&post=1371"}],"version-history":[{"count":22,"href":"https:\/\/maytemunoz.net\/index.php?rest_route=\/wp\/v2\/pages\/1371\/revisions"}],"predecessor-version":[{"id":1809,"href":"https:\/\/maytemunoz.net\/index.php?rest_route=\/wp\/v2\/pages\/1371\/revisions\/1809"}],"wp:attachment":[{"href":"https:\/\/maytemunoz.net\/index.php?rest_route=%2Fwp%2Fv2%2Fmedia&parent=1371"}],"curies":[{"name":"wp","href":"https:\/\/api.w.org\/{rel}","templated":true}]}}