{"id":1375,"date":"2018-02-28T10:33:25","date_gmt":"2018-02-28T16:33:25","guid":{"rendered":"http:\/\/maytemunoz.net\/?page_id=1375"},"modified":"2026-01-27T13:23:22","modified_gmt":"2026-01-27T19:23:22","slug":"acerca-de-3","status":"publish","type":"page","link":"https:\/\/maytemunoz.net\/","title":{"rendered":"Acerca de"},"content":{"rendered":"\n<div class=\"wp-block-media-text alignwide is-stacked-on-mobile\" style=\"grid-template-columns:43% auto\"><figure class=\"wp-block-media-text__media\"><img decoding=\"async\" loading=\"lazy\" width=\"225\" height=\"225\" src=\"https:\/\/maytemunoz.net\/wp-content\/uploads\/2025\/08\/download.jpg\" alt=\"\" class=\"wp-image-4033 size-full\" srcset=\"https:\/\/maytemunoz.net\/wp-content\/uploads\/2025\/08\/download.jpg 225w, https:\/\/maytemunoz.net\/wp-content\/uploads\/2025\/08\/download-150x150.jpg 150w, https:\/\/maytemunoz.net\/wp-content\/uploads\/2025\/08\/download-100x100.jpg 100w\" sizes=\"(max-width: 225px) 100vw, 225px\" \/><\/figure><div class=\"wp-block-media-text__content\">\n<div class=\"wp-block-group is-layout-constrained\"><div class=\"wp-block-group__inner-container\">\n<p>La Doctora <strong>Mar\u00eda Teresa<\/strong>&nbsp;<strong>Mu\u00f1oz S\u00e1nchez (Mayte)<\/strong>&nbsp;es <strong>profesora asociada C de tiempo completo de la Facultad de Filosof\u00eda y Letras<\/strong>, <strong>UNAM<\/strong>; y <strong>miembro del Sistema Nacional de Investigadores<\/strong> desde Enero del 2004. Actualmente<strong> SNI-ll <\/strong>en el periodo del 1 de Enero 2022 al 31 de Diciembre 2027. Su<strong>&nbsp;<\/strong>l\u00ednea de investigaci\u00f3n&nbsp;se centra en la <strong>Teor\u00eda del Juicio<\/strong> inspirada en el <strong>pensamiento pol\u00edtico<\/strong> de <strong>Hannah Arendt<\/strong>, el <strong>pensamiento contempor\u00e1neo sobre lo com\u00fan<\/strong> y la <strong>teor\u00eda cr\u00edtica feminista<\/strong>.<\/p>\n<\/div><\/div>\n<\/div><\/div>\n\n\n\n<div class=\"wp-block-group is-layout-constrained\"><div class=\"wp-block-group__inner-container\">\n<p class=\"has-text-align-left\">Acerca de estos intereses filos\u00f3ficos ha publicado <strong>3&nbsp;libros de autor\u00eda:&nbsp;<\/strong><em>Hannah Arendt. Nuevas sendas para la pol\u00edtica,&nbsp;<\/em>(2020);&nbsp;<em>Un acercamiento cr\u00edtico a la epistemolog\u00eda<\/em>, (2016); y&nbsp;<em>Wittgenstein y la articulaci\u00f3n ling\u00fc\u00edstica de lo p\u00fablico. Un camino de la sem\u00e1ntica a la pol\u00edtica,<\/em>&nbsp;(2009). Actualmente, se encuentra en proceso de publicar <em>Gram\u00e1ticas de lo com\u00fan. Una cr\u00edtica feminista al juicio pol\u00edtico<\/em>. <\/p>\n\n\n\n<p class=\"has-text-align-left\">Tambi\u00e9n, tiene<strong> 2\u00a0libros colectivos <\/strong>editados, <em>La emergencia de lo com\u00fan. Posmarxismos y nuevos feminismos<\/em>, (2026) y <em>Hechuras feministas de lo com\u00fan,\u00a0<\/em>(2025, aceptado para publicaci\u00f3n). <\/p>\n\n\n\n<p class=\"has-text-align-left\"><strong>3<\/strong>\u00a0<strong>compilaciones<\/strong>: (<em>Pensar el espacio p\u00fablico. Ensayos cr\u00edticos desde el pensamiento arendtiano<\/em>, (2011), con Marco Estrada,<em>\u00a0Violencia y Revoluci\u00f3n en la filosof\u00eda de Hannah Arendt. Reflexiones cr\u00edticas.\u00a0<\/em>Colegio de M\u00e9xico COLMEX, (2015); y el\u00a0<em>Diccionario de Justicia<\/em>\u00a0compilado y editado con Carlos Pereda, (2016). Cuenta entre sus publicaciones con <strong>29<\/strong>\u00a0<strong>cap\u00edtulos en libros,\u00a044<\/strong>\u00a0<strong>art\u00edculos de investigaci\u00f3n<\/strong>\u00a0en revistas nacionales e internacionales y 1<strong>8\u00a0art\u00edculos de divulgaci\u00f3n<\/strong> y <strong>18 r\u00e9plicas o rese\u00f1as<\/strong>.<\/p>\n<\/div><\/div>\n\n\n\n<p>Ha organizado\u00a0<strong>37 eventos acad\u00e9micos,\u00a0<\/strong>y ha impartido\u00a0<strong>57 conferencias<\/strong>,\u00a0<strong>81 ponencias.<\/strong><\/p>\n\n\n\n<p class=\"has-text-align-right\">Ingresa al canal de Youtube&nbsp;Seminarios y Conferencias Filos\u00f3ficas <a href=\"https:\/\/www.youtube.com\/@maytemu%C3%B1ozsanchezunam\">Aqu\u00ed<\/a><\/p>\n","protected":false},"excerpt":{"rendered":"<p>Acerca de estos intereses filos\u00f3ficos ha publicado 3&nbsp;libros de autor\u00eda:&nbsp;Hannah Arendt. Nuevas sendas para la pol\u00edtica,&nbsp;(2020);&nbsp;Un acercamiento cr\u00edtico a la epistemolog\u00eda, (2016); y&nbsp;Wittgenstein y la articulaci\u00f3n ling\u00fc\u00edstica de lo p\u00fablico. Un camino de la sem\u00e1ntica a la pol\u00edtica,&nbsp;(2009). Actualmente, se encuentra en proceso de publicar Gram\u00e1ticas de lo com\u00fan. Una cr\u00edtica feminista al juicio pol\u00edtico. &hellip; <\/p>\n<p class=\"link-more\"><a href=\"https:\/\/maytemunoz.net\/\" class=\"more-link\">Continuar leyendo<span class=\"screen-reader-text\"> \u00abAcerca de\u00bb<\/span><\/a><\/p>\n","protected":false},"author":2,"featured_media":0,"parent":0,"menu_order":0,"comment_status":"closed","ping_status":"closed","template":"","meta":[],"_links":{"self":[{"href":"https:\/\/maytemunoz.net\/index.php?rest_route=\/wp\/v2\/pages\/1375"}],"collection":[{"href":"https:\/\/maytemunoz.net\/index.php?rest_route=\/wp\/v2\/pages"}],"about":[{"href":"https:\/\/maytemunoz.net\/index.php?rest_route=\/wp\/v2\/types\/page"}],"author":[{"embeddable":true,"href":"https:\/\/maytemunoz.net\/index.php?rest_route=\/wp\/v2\/users\/2"}],"replies":[{"embeddable":true,"href":"https:\/\/maytemunoz.net\/index.php?rest_route=%2Fwp%2Fv2%2Fcomments&post=1375"}],"version-history":[{"count":76,"href":"https:\/\/maytemunoz.net\/index.php?rest_route=\/wp\/v2\/pages\/1375\/revisions"}],"predecessor-version":[{"id":4125,"href":"https:\/\/maytemunoz.net\/index.php?rest_route=\/wp\/v2\/pages\/1375\/revisions\/4125"}],"wp:attachment":[{"href":"https:\/\/maytemunoz.net\/index.php?rest_route=%2Fwp%2Fv2%2Fmedia&parent=1375"}],"curies":[{"name":"wp","href":"https:\/\/api.w.org\/{rel}","templated":true}]}}