{"id":1386,"date":"2018-02-28T10:47:40","date_gmt":"2018-02-28T16:47:40","guid":{"rendered":"http:\/\/maytemunoz.net\/?page_id=1386"},"modified":"2018-08-15T07:52:38","modified_gmt":"2018-08-15T13:52:38","slug":"licenciatura","status":"publish","type":"page","link":"https:\/\/maytemunoz.net\/?page_id=1386","title":{"rendered":"Licenciatura"},"content":{"rendered":"<div class=\"posttitle\">\n<h2><a href=\"https:\/\/lenguajeyconocimiento.wordpress.com\/\" rel=\"bookmark\">Sobre el espacio virtual<\/a><\/h2>\n<\/div>\n<div class=\"entry\">\n<p style=\"text-align: justify;\">Este espacio virtual est\u00e1 elaborado para servir de apoyo a los cursos de Teor\u00eda del conocimiento, Filosof\u00eda pol\u00edtica y Filosof\u00eda del Lenguaje de la Dra. Mar\u00eda Teresa Mu\u00f1oz S\u00e1nchez.\u00a0Aqu\u00ed\u00a0se pueden encontrar tanto los temarios de los cursos, los textos que se trabajan y materiales complementarios que servir\u00e1n\u00a0de apoyo para una mayor comprensi\u00f3n de las lecturas, los conceptos y las teor\u00edas.<\/p>\n<p style=\"text-align: justify;\">Se divide en categor\u00edas que se relacionan con cada uno de los cursos:\u00a0<strong>Teor\u00eda del conocimiento I<\/strong>,\u00a0<strong>Teor\u00eda del conocimiento II<\/strong>,\u00a0<b>Filosof\u00eda\u00a0pol\u00edtica<\/b>\u00a0y\u00a0<strong>Filosof\u00eda del lenguaje<\/strong><strong>.<\/strong>\u00a0El blog tambi\u00e9n cuenta con la categor\u00eda de\u00a0<strong>Avisos e invitaciones<\/strong>\u00a0en la cual se publican anuncios de eventos acad\u00e9micos que pueden ser de inter\u00e9s para los alumnos de los cursos; adem\u00e1s existe\u00a0la categor\u00eda\u00a0<strong>Apoyos metodol\u00f3gicos y otros<\/strong>\u00a0en el cual se encuentran\u00a0materiales que pueden servir de ayuda para la realizaci\u00f3n de sus trabajos. La secci\u00f3n de categor\u00edas se encuentra en la barra que aparece del lado derecho; es suficiente con darle clic sobre\u00a0alguna de las categor\u00edas para acceder a los documentos correspondientes de cada curso.<\/p>\n<p style=\"text-align: justify;\">Para descargar\u00a0los archivos que contienen los textos es suficiente con dar clic encima del link que contiene el archivo. En algunos casos, el link est\u00e1 puesto en el t\u00edtulo del libro o art\u00edculo y en otras ocasiones se encuentra se\u00f1alado en la publicaci\u00f3n por medio de una vi\u00f1eta. Tambi\u00e9n puede darse el caso de que el archivo no se encuentre para descarga directa, sino que el link sea de una p\u00e1gina desde donde se puede consultar.<\/p>\n<p><a href=\"https:\/\/lenguajeyconocimiento.wordpress.com\/\"> Lenguaje y Conocimiento <\/a><\/p>\n<p style=\"text-align: left;\">Para mantener contacto y resolver cualquier duda se pueden comunicar a trav\u00e9s del correo maytems@<span class=\"skimlinks-unlinked\">yahoo.com<\/span>\u00a0o cursoteoriadelconocimiento@<span class=\"skimlinks-unlinked\">gmail.com<\/span><\/p>\n<\/div>\n","protected":false},"excerpt":{"rendered":"<p>Sobre el espacio virtual Este espacio virtual est\u00e1 elaborado para servir de apoyo a los cursos de Teor\u00eda del conocimiento, Filosof\u00eda pol\u00edtica y Filosof\u00eda del Lenguaje de la Dra. Mar\u00eda Teresa Mu\u00f1oz S\u00e1nchez.\u00a0Aqu\u00ed\u00a0se pueden encontrar tanto los temarios de los cursos, los textos que se trabajan y materiales complementarios que servir\u00e1n\u00a0de apoyo para una mayor &hellip; <\/p>\n<p class=\"link-more\"><a href=\"https:\/\/maytemunoz.net\/?page_id=1386\" class=\"more-link\">Continuar leyendo<span class=\"screen-reader-text\"> \u00abLicenciatura\u00bb<\/span><\/a><\/p>\n","protected":false},"author":2,"featured_media":0,"parent":0,"menu_order":0,"comment_status":"closed","ping_status":"closed","template":"","meta":[],"_links":{"self":[{"href":"https:\/\/maytemunoz.net\/index.php?rest_route=\/wp\/v2\/pages\/1386"}],"collection":[{"href":"https:\/\/maytemunoz.net\/index.php?rest_route=\/wp\/v2\/pages"}],"about":[{"href":"https:\/\/maytemunoz.net\/index.php?rest_route=\/wp\/v2\/types\/page"}],"author":[{"embeddable":true,"href":"https:\/\/maytemunoz.net\/index.php?rest_route=\/wp\/v2\/users\/2"}],"replies":[{"embeddable":true,"href":"https:\/\/maytemunoz.net\/index.php?rest_route=%2Fwp%2Fv2%2Fcomments&post=1386"}],"version-history":[{"count":5,"href":"https:\/\/maytemunoz.net\/index.php?rest_route=\/wp\/v2\/pages\/1386\/revisions"}],"predecessor-version":[{"id":1457,"href":"https:\/\/maytemunoz.net\/index.php?rest_route=\/wp\/v2\/pages\/1386\/revisions\/1457"}],"wp:attachment":[{"href":"https:\/\/maytemunoz.net\/index.php?rest_route=%2Fwp%2Fv2%2Fmedia&parent=1386"}],"curies":[{"name":"wp","href":"https:\/\/api.w.org\/{rel}","templated":true}]}}