{"id":1398,"date":"2018-02-28T10:49:44","date_gmt":"2018-02-28T16:49:44","guid":{"rendered":"http:\/\/maytemunoz.net\/?page_id=1398"},"modified":"2018-08-15T08:17:26","modified_gmt":"2018-08-15T14:17:26","slug":"filosofia-politica-posgrado","status":"publish","type":"page","link":"https:\/\/maytemunoz.net\/?page_id=1398","title":{"rendered":"Filosof\u00eda Pol\u00edtica Posgrado"},"content":{"rendered":"<div class=\"header-image\"><a href=\"https:\/\/seminarioshannaharendt.wordpress.com\/\" rel=\"home\"><img decoding=\"async\" loading=\"lazy\" src=\"https:\/\/seminarioshannaharendt.files.wordpress.com\/2016\/08\/cropped-cropped-banner-arendt.jpg\" sizes=\"\" srcset=\"\" alt=\"Seminarios sobre Hannah Arendt\" width=\"1200\" height=\"280\" \/><\/a><\/div>\n<div id=\"content\" class=\"site-content\">\n<div id=\"primary\" class=\"content-area\">\n<article id=\"post-1\" class=\"post-1 page type-page status-publish hentry\">\n<header class=\"entry-header\">\n<h1 class=\"entry-title\">Sobre el sitio<\/h1>\n<p>&nbsp;<\/p>\n<div class=\"entry-content\">\n<p style=\"text-align: justify;\">Este blog tiene la intenci\u00f3n de recopilar contenido de algunos de los seminarios impartidos por la\u00a0<a href=\"https:\/\/sites.google.com\/site\/doctoramariateresamunozsanchez\/sobre-mi\">Dra. Mar\u00eda Teresa Mu\u00f1oz S\u00e1nchez<\/a>, cuyo tema principal o alguno de sus ejes primarios sean el pensamiento de Hannah Arendt.<\/p>\n<p style=\"text-align: justify;\">Aqu\u00ed se encontrar\u00e1 informaci\u00f3n acerca de los\u00a0seminarios, sus temarios, las lecturas programadas para cada sesi\u00f3n, eventos relacionados y avisos de inter\u00e9s para sus participantes. Tambi\u00e9n se podr\u00e1n descargar algunos archivos con las lecturas de cada unidad o encontrar una liga que lleve a un sitio donde se encuentra contenida la lectura.<\/p>\n<p style=\"text-align: justify;\">Del lado derecho del blog, se encuentra una barra con herramientas en el que hay una casilla\u00a0de b\u00fasqueda para encontrar informaci\u00f3n de manera precisa. Tambi\u00e9n se halla\u00a0la secci\u00f3n de categor\u00edas que refieren a las entradas relacionadas con cada seminario as\u00ed como a la secci\u00f3n de A<em>visos e invitaciones<\/em>\u00a0y M<em>ateriales complementarios<\/em>. Finalmente, se encuentra una secci\u00f3n de ligas a otros sitios con contenido similar a \u00e9ste que reflejan un inter\u00e9s por el pensamiento de Hannah Arendt.<\/p>\n<p><span style=\"color: #000000;\"><a style=\"color: #000000;\" href=\"https:\/\/seminarioshannaharendt.wordpress.com\/\">https:\/\/seminarioshannaharendt.wordpress.com\/<\/a><\/span><\/p>\n<\/div>\n<\/header>\n<\/article>\n<\/div>\n<\/div>\n","protected":false},"excerpt":{"rendered":"<p>Sobre el sitio &nbsp; Este blog tiene la intenci\u00f3n de recopilar contenido de algunos de los seminarios impartidos por la\u00a0Dra. Mar\u00eda Teresa Mu\u00f1oz S\u00e1nchez, cuyo tema principal o alguno de sus ejes primarios sean el pensamiento de Hannah Arendt. Aqu\u00ed se encontrar\u00e1 informaci\u00f3n acerca de los\u00a0seminarios, sus temarios, las lecturas programadas para cada sesi\u00f3n, eventos &hellip; <\/p>\n<p class=\"link-more\"><a href=\"https:\/\/maytemunoz.net\/?page_id=1398\" class=\"more-link\">Continuar leyendo<span class=\"screen-reader-text\"> \u00abFilosof\u00eda Pol\u00edtica Posgrado\u00bb<\/span><\/a><\/p>\n","protected":false},"author":2,"featured_media":0,"parent":0,"menu_order":0,"comment_status":"closed","ping_status":"closed","template":"","meta":[],"_links":{"self":[{"href":"https:\/\/maytemunoz.net\/index.php?rest_route=\/wp\/v2\/pages\/1398"}],"collection":[{"href":"https:\/\/maytemunoz.net\/index.php?rest_route=\/wp\/v2\/pages"}],"about":[{"href":"https:\/\/maytemunoz.net\/index.php?rest_route=\/wp\/v2\/types\/page"}],"author":[{"embeddable":true,"href":"https:\/\/maytemunoz.net\/index.php?rest_route=\/wp\/v2\/users\/2"}],"replies":[{"embeddable":true,"href":"https:\/\/maytemunoz.net\/index.php?rest_route=%2Fwp%2Fv2%2Fcomments&post=1398"}],"version-history":[{"count":10,"href":"https:\/\/maytemunoz.net\/index.php?rest_route=\/wp\/v2\/pages\/1398\/revisions"}],"predecessor-version":[{"id":1475,"href":"https:\/\/maytemunoz.net\/index.php?rest_route=\/wp\/v2\/pages\/1398\/revisions\/1475"}],"wp:attachment":[{"href":"https:\/\/maytemunoz.net\/index.php?rest_route=%2Fwp%2Fv2%2Fmedia&parent=1398"}],"curies":[{"name":"wp","href":"https:\/\/api.w.org\/{rel}","templated":true}]}}