{"id":1641,"date":"2018-08-16T18:11:26","date_gmt":"2018-08-17T00:11:26","guid":{"rendered":"http:\/\/maytemunoz.net\/?page_id=1641"},"modified":"2025-01-20T09:39:47","modified_gmt":"2025-01-20T15:39:47","slug":"apoyos-metodologicos-y-otros","status":"publish","type":"page","link":"https:\/\/maytemunoz.net\/?page_id=1641","title":{"rendered":"Apoyos Metodol\u00f3gicos para la Elaboraci\u00f3n de Comentarios de Texto"},"content":{"rendered":"<p style=\"text-align: justify;\">En esta entrada encontrar\u00e1n algunos materiales que les servir\u00e1n como gu\u00eda para realizar sus comentarios de texto:<\/p>\n<p><span style=\"color: #0000ff;\"><a style=\"color: #0000ff;\" href=\"https:\/\/lenguajeyconocimiento.files.wordpress.com\/2012\/02\/problematizacic3b3n-a-partir-de-preguntas.docx\">Problematizaci\u00f3n a partir de preguntas<\/a><\/span><\/p>\n<p><a href=\"https:\/\/lenguajeyconocimiento.files.wordpress.com\/2012\/02\/pasos-para-realizar-un-comentario-de-texto-filosc3b3fico.pdf\"><span style=\"color: #0000ff;\">Pasos para realizar un comentario de texto filos\u00f3fico<\/span><\/a><\/p>\n<p><a href=\"https:\/\/lenguajeyconocimiento.files.wordpress.com\/2015\/10\/preguntas-de-apoyo-para-la-elaboracic3b3n-del-comentario.doc\"><span style=\"color: #0000ff;\">Preguntas de apoyo para la elaboraci\u00f3n del comentario<\/span><\/a><\/p>\n<p><a href=\"https:\/\/lenguajeyconocimiento.files.wordpress.com\/2012\/02\/la-lectura-y-la-escritura-en-filosofc3ada.pdf\"><span style=\"color: #0000ff;\">La lectura y la escritura en Filosof\u00eda<\/span><\/a><\/p>\n<p><a href=\"https:\/\/lenguajeyconocimiento.files.wordpress.com\/2015\/10\/elementos-tc3a9cnicos-de-un-trabajo-acadc3a9mico.doc\"><span style=\"color: #0000ff;\">Elementos t\u00e9cnicos de un trabajo acad\u00e9mico<\/span><\/a><\/p>\n","protected":false},"excerpt":{"rendered":"<p>En esta entrada encontrar\u00e1n algunos materiales que les servir\u00e1n como gu\u00eda para realizar sus comentarios de texto: Problematizaci\u00f3n a partir de preguntas Pasos para realizar un comentario de texto filos\u00f3fico Preguntas de apoyo para la elaboraci\u00f3n del comentario La lectura y la escritura en Filosof\u00eda Elementos t\u00e9cnicos de un trabajo acad\u00e9mico<\/p>\n","protected":false},"author":5,"featured_media":0,"parent":0,"menu_order":0,"comment_status":"closed","ping_status":"closed","template":"","meta":[],"_links":{"self":[{"href":"https:\/\/maytemunoz.net\/index.php?rest_route=\/wp\/v2\/pages\/1641"}],"collection":[{"href":"https:\/\/maytemunoz.net\/index.php?rest_route=\/wp\/v2\/pages"}],"about":[{"href":"https:\/\/maytemunoz.net\/index.php?rest_route=\/wp\/v2\/types\/page"}],"author":[{"embeddable":true,"href":"https:\/\/maytemunoz.net\/index.php?rest_route=\/wp\/v2\/users\/5"}],"replies":[{"embeddable":true,"href":"https:\/\/maytemunoz.net\/index.php?rest_route=%2Fwp%2Fv2%2Fcomments&post=1641"}],"version-history":[{"count":9,"href":"https:\/\/maytemunoz.net\/index.php?rest_route=\/wp\/v2\/pages\/1641\/revisions"}],"predecessor-version":[{"id":3854,"href":"https:\/\/maytemunoz.net\/index.php?rest_route=\/wp\/v2\/pages\/1641\/revisions\/3854"}],"wp:attachment":[{"href":"https:\/\/maytemunoz.net\/index.php?rest_route=%2Fwp%2Fv2%2Fmedia&parent=1641"}],"curies":[{"name":"wp","href":"https:\/\/api.w.org\/{rel}","templated":true}]}}