{"id":1803,"date":"2018-09-19T22:37:48","date_gmt":"2018-09-20T04:37:48","guid":{"rendered":"http:\/\/maytemunoz.net\/?page_id=1803"},"modified":"2026-01-27T13:47:31","modified_gmt":"2026-01-27T19:47:31","slug":"resenas","status":"publish","type":"page","link":"https:\/\/maytemunoz.net\/?page_id=1803","title":{"rendered":"Rese\u00f1as"},"content":{"rendered":"\n<ol>\n<li>Mu\u00f1oz S\u00e1nchez, M. (2021). Hannah Arendt. Nuevas sendas para la pol\u00edtica. Bonilla Editores; UNAM. Rese\u00f1a de Montserrat Espinosa de los Monteros Gonz\u00e1lez. https:\/\/www.laotrarevista.com\/2022\/01\/hannah-harendt-montserrat-espinosa-de-los-monteros\/<\/li>\n\n\n\n<li><strong>\u00abEn defensa de la cr\u00edtica jur\u00eddica: especificidad y vigencia de un discurso her\u00e9tico. El fracaso de la filosof\u00eda del Derecho de los juristas frente a la renovaci\u00f3n de la cr\u00edtica marxista del derecho en el siglo XXI\u00bb<\/strong>,  Rese\u00f1a del libro de Espinoza Hern\u00e1ndez, Raymundo,M\u00e9xico, UBIJUS, 2024, en Revista de la Facultad de Derecho de M\u00e9xico Tomo LXXIV, N\u00famero 289, Mayo-Agosto 2024 421 DOI: <a href=\"http:\/\/10.22201\/fder.24488933e.2024.289.89348\">http:\/\/10.22201\/fder.24488933e.2024.289.89348<\/a><\/li>\n\n\n\n<li><strong>\u00abDe la duda a la decepci\u00f3n\u00bb <\/strong>rese\u00f1a del libro de Horacio Radetich, De la duda a la decepci\u00f3n. La crisis actual de la educaci\u00f3n en M\u00e9xico, <em>Intersticios<\/em>, Universidad Intercontinental, n\u00fam. 40, a\u00f1o 17, pp.&nbsp; 199-204, julio-diciembre, 2014<\/li>\n\n\n\n<li><strong>\u201cGenealog\u00eda de un pensamiento feminista\u201d<\/strong> rese\u00f1a de libro de Rub\u00ed de Mar\u00eda G\u00f3mez Campos, El feminismo es un humanismo, M\u00e9xico, Anthropos, 2014, 208 pp. Devenires, (2015). 16(32), 223-229.&nbsp;<\/li>\n\n\n\n<li><strong>\u00abGuerra humanitaria\u00bb<\/strong> rese\u00f1a del libro de Teresa Santiago, <em>Guerra humanitaria. Pasado y presente de una controversia filos\u00f3fica, Signos Filos\u00f3ficos<\/em>, vol. XVI, n\u00fam. 32, julio-dic. 2014, pp. 195-201.<\/li>\n\n\n\n<li><strong>\u201cHannah Arendt: la recuperaci\u00f3n de la dignidad de la pol\u00edtica, de Claudia Galindo Lara\u201d<\/strong> Revista En- Claves, Tecnol\u00f3gico de Monterrey, A\u00f1o IV, No. 8 Julio-diciembre 2010, pp. 185-194 ISSN: 1870 879X<\/li>\n\n\n\n<li><strong>\u201cAcerca de la Raz\u00f3n, progreso y utop\u00eda. Una relectura del sentido de la historia y de la noci\u00f3n de progreso, de Ricardo Rivas\u201d<\/strong> Revista Intersticios, Universidad Intercontinental, n\u00fam. 32, a\u00f1o 15, pp. 153-158, enero-junio 2010<\/li>\n\n\n\n<li><strong>\u201cAcerca de la filosof\u00eda del derecho de Antonio Alf\u00e9res\u201d <\/strong>Revista Intersticios, Universidad Intercontinental, Ene-Jun 2009, A\u00f1o 14, N\u00fam. 30 p.p.151-155<\/li>\n\n\n\n<li><strong>\u201cLa ret\u00f3rica en el dise\u00f1o gr\u00e1fico\u201d<\/strong>, Encuadre Revista de la Ense\u00f1anza del Dise\u00f1o, pp. 6-13, M\u00e9xico 2008<\/li>\n\n\n\n<li><strong>\u201cMigraci\u00f3n y repatriaciones, M\u00e9xico en la encrucijada Norte Sur\u201d<\/strong> Universidad Intercontinental, p.p. 90-94 mayo 2007 ISSN: 1870-8218<\/li>\n\n\n\n<li><strong>\u201cUna historia original: filosof\u00eda del lenguaje y an\u00e1lisis conceptual\u201d<\/strong> <em>Devenires. Revista de Filosof\u00eda y Filosof\u00eda de la Cultura<\/em>, Revista de la Universidad Michoacana de San Nicol\u00e1s de Hidalgo, A\u00f1o VII, N\u00fam. 13, enero 2006, pp.176-181 ISSN 1665-3319<\/li>\n\n\n\n<li><strong>\u201cDora Elvira Garc\u00eda, <em>Del poder pol\u00edtico al amor al mundo<\/em>\u201d<\/strong><em> Juripolis, <\/em>Revista de derecho y pol\u00edtica del Departamento de Derecho del Tecnol\u00f3gico de Monterrey, [Campus Ciudad de M\u00e9xico], a\u00f1o 4, vol 1, En-jul 2006&nbsp;<\/li>\n\n\n\n<li><strong>\u00abDora Elvira Garc\u00eda, <em>Del poder pol\u00edtico al amor al mundo<\/em>\u201d<\/strong>, <em>Polylog, <\/em>revista digital<em>, <\/em>noviembre del 2005<a href=\"http:\/\/lit.polylog.org\/6\/sgdmm-es.htm\">http:\/\/lit.polylog.org\/6\/sgdmm-es.htm<\/a><\/li>\n\n\n\n<li><strong>\u201cCristina S\u00e1nchez, <em>Hannah Arendt. El espacio de la pol\u00edtica<\/em>\u201d<\/strong>, <em>Dianoia<\/em>, Revista del Instituto de Investigaciones Filos\u00f3ficas, UNAM, noviembre 2004, ISSN 0185-2450&nbsp;<\/li>\n\n\n\n<li><strong>\u201cRichard Moran, <em>Authority and estrangement. An Essay on Self-Knowledge\u201d<\/em><\/strong><em>, Intersticios<\/em>, Rv de la Escuela de Filosof\u00eda de la Universidad Intercontinental, n\u00fam. 20, Julio-diciembre 2003. ISSN 1405-4752&nbsp;<\/li>\n\n\n\n<li><strong>\u201cLa interdiscursibidad y sus riesgos\u201d<\/strong>, <em>Signos Filos\u00f3ficos, <\/em>Revista de Filosof\u00eda UAM\/Iztapalapa, vol. I, n\u00fam. 4, julio\/diciembre 2000&nbsp;<\/li>\n\n\n\n<li>R\u00e9plica, <strong>\u201cAlgunas diferencias de interpretaci\u00f3n sobre el liberalismo rawlsiano\u201d<\/strong>, <em>Avatares<\/em>, Cuaderno de Investigaciones en Cultura y Filosof\u00eda, n\u00fam. 9 (abril\/junio), 2000, ISSN 1665-1103<\/li>\n\n\n\n<li><strong>\u201cSobre <em>\u00c9tica y Condici\u00f3n Humana<\/em> de Eugenio Tr\u00edas\u201d<\/strong>, <em>Intersticios<\/em>, Rv de la Escuela de Filosof\u00eda de la Universidad Intercontinental, n\u00fam. 12, 2000, pp. 133-139. ISSN 1405-4752<\/li>\n\n\n\n<li>R\u00e9plica: <strong>\u201cLa cr\u00edtica wittgensteiniana a la noci\u00f3n de espacio interior\u201d<\/strong> en <em>Avatares<\/em>, Cuaderno de investigaciones en Filosof\u00eda y Cultura, A\u00f1o 1, n\u00fam. 3 (Oct-Dic), 1998, pp. 33-36.<\/li>\n<\/ol>\n","protected":false},"excerpt":{"rendered":"","protected":false},"author":5,"featured_media":0,"parent":0,"menu_order":0,"comment_status":"closed","ping_status":"closed","template":"","meta":[],"_links":{"self":[{"href":"https:\/\/maytemunoz.net\/index.php?rest_route=\/wp\/v2\/pages\/1803"}],"collection":[{"href":"https:\/\/maytemunoz.net\/index.php?rest_route=\/wp\/v2\/pages"}],"about":[{"href":"https:\/\/maytemunoz.net\/index.php?rest_route=\/wp\/v2\/types\/page"}],"author":[{"embeddable":true,"href":"https:\/\/maytemunoz.net\/index.php?rest_route=\/wp\/v2\/users\/5"}],"replies":[{"embeddable":true,"href":"https:\/\/maytemunoz.net\/index.php?rest_route=%2Fwp%2Fv2%2Fcomments&post=1803"}],"version-history":[{"count":7,"href":"https:\/\/maytemunoz.net\/index.php?rest_route=\/wp\/v2\/pages\/1803\/revisions"}],"predecessor-version":[{"id":4131,"href":"https:\/\/maytemunoz.net\/index.php?rest_route=\/wp\/v2\/pages\/1803\/revisions\/4131"}],"wp:attachment":[{"href":"https:\/\/maytemunoz.net\/index.php?rest_route=%2Fwp%2Fv2%2Fmedia&parent=1803"}],"curies":[{"name":"wp","href":"https:\/\/api.w.org\/{rel}","templated":true}]}}