{"id":2755,"date":"2020-09-20T19:39:47","date_gmt":"2020-09-21T01:39:47","guid":{"rendered":"http:\/\/maytemunoz.net\/?page_id=2755"},"modified":"2025-01-20T09:55:07","modified_gmt":"2025-01-20T15:55:07","slug":"feminismo-paradigma-de-accion-y-de-conocimiento","status":"publish","type":"page","link":"https:\/\/maytemunoz.net\/?page_id=2755","title":{"rendered":"Feminismo: paradigma de acci\u00f3n y de conocimiento 2021-2"},"content":{"rendered":"<div><\/div>\n<div class=\"tLDEHd YVvGBb\">\n<p><em><strong>Asunto:<\/strong><\/em> <strong><span style=\"color: #ff6600;\">Temas contempor\u00e1neos de Filosof\u00eda de la Historia y de las Ciencias Sociales<\/span><\/strong><\/p>\n<p><strong>Sala Virtual<\/strong> p\u00e1gina maytemunoz.net<\/p>\n<p style=\"text-align: justify;\">Este curso tiene como objetivo ofrecerles un panorama de car\u00e1cter hist\u00f3rico del surgimiento de los feminismos para adquirir herramientas conceptuales que nos permitan comprender los movimientos feministas contempor\u00e1neos como un nuevo paradigma de acci\u00f3n y de conocimiento. Haremos lecturas de las fil\u00f3sofas que desde el siglo XVIII y hasta la fecha han conceptualizado la diferencia de g\u00e9nero y han luchado por los derechos de las mujeres y los grupos LGBTI. Tambi\u00e9n nos serviremos de abundante material audivisual. Y, si el tiempo lo permite, contaremos con al menos una conferencia de una de las feministas representativas del pensamiento mexicano. Los detalles de las actividades est\u00e1n en el programa y se ir\u00e1n subiendo al panel de tareas.<\/p>\n<\/div>\n<p>Ingresar en el siguiente enlace: <a href=\"https:\/\/classroom.google.com\/c\/Njc5OTMxMzUwNTha?cjc=vd5iyca\"><span style=\"color: #0000ff;\"><em><strong>https:\/\/classroom.google.com\/c\/Njc5OTMxMzUwNTha?cjc=vd5iyca<\/strong><\/em><\/span><\/a><\/p>\n","protected":false},"excerpt":{"rendered":"<p>Asunto: Temas contempor\u00e1neos de Filosof\u00eda de la Historia y de las Ciencias Sociales Sala Virtual p\u00e1gina maytemunoz.net Este curso tiene como objetivo ofrecerles un panorama de car\u00e1cter hist\u00f3rico del surgimiento de los feminismos para adquirir herramientas conceptuales que nos permitan comprender los movimientos feministas contempor\u00e1neos como un nuevo paradigma de acci\u00f3n y de conocimiento. Haremos &hellip; <\/p>\n<p class=\"link-more\"><a href=\"https:\/\/maytemunoz.net\/?page_id=2755\" class=\"more-link\">Continuar leyendo<span class=\"screen-reader-text\"> \u00abFeminismo: paradigma de acci\u00f3n y de conocimiento 2021-2\u00bb<\/span><\/a><\/p>\n","protected":false},"author":5,"featured_media":0,"parent":0,"menu_order":0,"comment_status":"closed","ping_status":"closed","template":"","meta":[],"_links":{"self":[{"href":"https:\/\/maytemunoz.net\/index.php?rest_route=\/wp\/v2\/pages\/2755"}],"collection":[{"href":"https:\/\/maytemunoz.net\/index.php?rest_route=\/wp\/v2\/pages"}],"about":[{"href":"https:\/\/maytemunoz.net\/index.php?rest_route=\/wp\/v2\/types\/page"}],"author":[{"embeddable":true,"href":"https:\/\/maytemunoz.net\/index.php?rest_route=\/wp\/v2\/users\/5"}],"replies":[{"embeddable":true,"href":"https:\/\/maytemunoz.net\/index.php?rest_route=%2Fwp%2Fv2%2Fcomments&post=2755"}],"version-history":[{"count":8,"href":"https:\/\/maytemunoz.net\/index.php?rest_route=\/wp\/v2\/pages\/2755\/revisions"}],"predecessor-version":[{"id":3870,"href":"https:\/\/maytemunoz.net\/index.php?rest_route=\/wp\/v2\/pages\/2755\/revisions\/3870"}],"wp:attachment":[{"href":"https:\/\/maytemunoz.net\/index.php?rest_route=%2Fwp%2Fv2%2Fmedia&parent=2755"}],"curies":[{"name":"wp","href":"https:\/\/api.w.org\/{rel}","templated":true}]}}