{"id":2943,"date":"2020-10-08T22:56:15","date_gmt":"2020-10-09T04:56:15","guid":{"rendered":"http:\/\/maytemunoz.net\/?page_id=2943"},"modified":"2020-10-10T10:02:10","modified_gmt":"2020-10-10T16:02:10","slug":"contribucion","status":"publish","type":"page","link":"https:\/\/maytemunoz.net\/?page_id=2943","title":{"rendered":"CONTRIBUCI\u00d3N"},"content":{"rendered":"<p style=\"text-align: justify;\">Laval y Dardot definen lo com\u00fan como principio pol\u00edtico y, por tal entienden \u201cesa actividad de deliberaci\u00f3n con la que los hombres se esfuerzan por determinar juntos lo justo, as\u00ed como la decisi\u00f3n y la acci\u00f3n que proceden de esa actividad colectiva.\u201d (Laval y Dardot, 2015, 660) Siguiendo los antecedentes latinos del t\u00e9rmino, definen lo com\u00fan en t\u00e9rminos de un principio pol\u00edtico que implica un conjunto de obligaciones y responsabilidades orientados a una acci\u00f3n com\u00fan. En ese sentido, sostienen que el actuar com\u00fan involucra necesariamente la capacidad de forjar colectivamente normas jur\u00eddicas y morales que regulen la acci\u00f3n de una colectividad. As\u00ed, hacen una defensa del autocontrol democr\u00e1tico, esto es, de la capacidad de autogobierno de los sujetos mediante la participaci\u00f3n en la esfera p\u00fablica. Enfatizan una idea de ciudadan\u00eda como principio de articulaci\u00f3n que afecta a las diferentes posiciones subjetivas del agente social. Para ellos, la construcci\u00f3n de una identidad ciudadana democr\u00e1tico-radical es la construcci\u00f3n de un \u00abnosotros\u00bb preciso para actuar en pol\u00edtica y transformar la realidad, permitiendo la identificaci\u00f3n de quienes combaten las diferentes formas de dominaci\u00f3n. Desde este proyecto trabajaremos con la idea de que este \u201cnosotros\u201d es el que se gesta en el constante ejercicio de la capacidad de juicio que presupone, como vimos, la imaginaci\u00f3n, el sensus communis y el pensamiento representativo. Es m\u00e1s, si, tal como defienden, lo com\u00fan \u201c(e)s la actividad de puesta en com\u00fan lo que hace existir lo com\u00fan de la comunidad pol\u00edtica (&#8230;), todo verdadero com\u00fan pol\u00edtico debe su existencia a una actividad sostenida y continua de puesta en com\u00fan.\u201d (2015, 266); entonces \u00bfc\u00f3mo podemos pensar esta actividad de puesta en com\u00fan si no es a partir del ejercicio de la capacidad de juicio? En efecto, si queremos entender este principio de lo com\u00fan a cabalidad, debemos integrar a la propuesta de lo com\u00fan una teor\u00eda del juicio como la que pretendemos articular en este proyecto.<\/p>\n<p style=\"text-align: justify;\">Consideramos que una teor\u00eda del Juicio que enfatice el papel de la imaginaci\u00f3n creadora nos abre a la posibilidad de instituir la comunidad desde la novedad, creando una significaci\u00f3n radicalmente original. Crear nuevos significados nos permite abrirnos a nuevos mundos posibles. El papel de la imaginaci\u00f3n en este proceso es fundamental. Y este aspecto no ha sido desarrollado ni por Arendt en su relectura de la teor\u00eda del juicio, ni por Laval y Dardot en su propuesta de lo com\u00fan como principio pol\u00edtico. Se trata de llevar el papel de la imaginaci\u00f3n en el juicio reflexionante pol\u00edtico hacia su potencial creativo. De manera que gracias a la imaginaci\u00f3n sea posible \u201chacer surgir como imagen algo que no es y que no ha sido. (Castoriadis, 1998, 191).<\/p>\n","protected":false},"excerpt":{"rendered":"<p>Laval y Dardot definen lo com\u00fan como principio pol\u00edtico y, por tal entienden \u201cesa actividad de deliberaci\u00f3n con la que los hombres se esfuerzan por determinar juntos lo justo, as\u00ed como la decisi\u00f3n y la acci\u00f3n que proceden de esa actividad colectiva.\u201d (Laval y Dardot, 2015, 660) Siguiendo los antecedentes latinos del t\u00e9rmino, definen lo &hellip; <\/p>\n<p class=\"link-more\"><a href=\"https:\/\/maytemunoz.net\/?page_id=2943\" class=\"more-link\">Continuar leyendo<span class=\"screen-reader-text\"> \u00abCONTRIBUCI\u00d3N\u00bb<\/span><\/a><\/p>\n","protected":false},"author":5,"featured_media":0,"parent":0,"menu_order":0,"comment_status":"closed","ping_status":"closed","template":"","meta":[],"_links":{"self":[{"href":"https:\/\/maytemunoz.net\/index.php?rest_route=\/wp\/v2\/pages\/2943"}],"collection":[{"href":"https:\/\/maytemunoz.net\/index.php?rest_route=\/wp\/v2\/pages"}],"about":[{"href":"https:\/\/maytemunoz.net\/index.php?rest_route=\/wp\/v2\/types\/page"}],"author":[{"embeddable":true,"href":"https:\/\/maytemunoz.net\/index.php?rest_route=\/wp\/v2\/users\/5"}],"replies":[{"embeddable":true,"href":"https:\/\/maytemunoz.net\/index.php?rest_route=%2Fwp%2Fv2%2Fcomments&post=2943"}],"version-history":[{"count":4,"href":"https:\/\/maytemunoz.net\/index.php?rest_route=\/wp\/v2\/pages\/2943\/revisions"}],"predecessor-version":[{"id":2961,"href":"https:\/\/maytemunoz.net\/index.php?rest_route=\/wp\/v2\/pages\/2943\/revisions\/2961"}],"wp:attachment":[{"href":"https:\/\/maytemunoz.net\/index.php?rest_route=%2Fwp%2Fv2%2Fmedia&parent=2943"}],"curies":[{"name":"wp","href":"https:\/\/api.w.org\/{rel}","templated":true}]}}