{"id":2946,"date":"2020-10-08T22:57:45","date_gmt":"2020-10-09T04:57:45","guid":{"rendered":"http:\/\/maytemunoz.net\/?page_id=2946"},"modified":"2020-10-08T22:58:06","modified_gmt":"2020-10-09T04:58:06","slug":"hipotesis","status":"publish","type":"page","link":"https:\/\/maytemunoz.net\/?page_id=2946","title":{"rendered":"HIP\u00d3TESIS"},"content":{"rendered":"<p style=\"text-align: justify;\">La capacidad de juicio requiere de la imaginaci\u00f3n, del sensus comunnis y del pensamiento representativo. Si bien es cierto que el sensus communis nos conduce a pensar en una comunidad de juicio ya instituida; la imaginaci\u00f3n nos permite apelar a la capacidad de generar nuevos juicios que interpelen y modifiquen los pre-juicios. Desde la perspectiva que defenderemos en este proyecto, la reflexi\u00f3n sobre lo justo y lo injusto, lo correcto y lo incorrecto requiere procesar las interpretaciones que son fieles al significado de las pr\u00e1cticas sociales involucradas. Y se debe evitar la reificaci\u00f3n y la proyecci\u00f3n de sus esquemas en el mundo. Tal reificaci\u00f3n no s\u00f3lo es evidente en la metaf\u00edsica tradicional sino tambi\u00e9n en gran parte de la investigaci\u00f3n social. La validez de nuestros juicios pol\u00edticos no se establece a trav\u00e9s de una relaci\u00f3n especial entre las teor\u00edas y los hechos, sino por medio del debate pol\u00edtico. De acuerdo con lo expuesto en los apartados previos de este proyecto, no hay nada, universal o universalizable, que preexista al ejercicio del juicio. Siendo as\u00ed, podemos repensar gracias al poder creativo de la imaginaci\u00f3n nuestra pre-comprensi\u00f3n del mundo pol\u00edtico, as\u00ed como la idea de nosotros mismos que viene dada en el lenguaje. Es en el lenguaje donde se atesora lo com\u00fan, desde \u00e9l es posible hacer y sustentar juicios, pero tambi\u00e9n modificarlos o renovarlos. El lenguaje es el espacio tanto para las formas de vida dadas, como para la renovaci\u00f3n y para la imaginaci\u00f3n de nuevas formas de vida.<\/p>\n<p style=\"text-align: justify;\">As\u00ed, la hip\u00f3tesis de trabajo consiste en sostener que, si aspiramos a establecer una ontolog\u00eda y una praxis de lo pol\u00edtico fundada en el principio de lo com\u00fan, entonces requerimos articular una teor\u00eda del juicio que tome en cuenta la articulaci\u00f3n ling\u00fc\u00edstica de lo pol\u00edtico. La teor\u00eda del juicio, que pretendemos desarrollar a lo largo de este proyecto, podr\u00eda entenderse como un paradigma de acci\u00f3n y de comprensi\u00f3n que nos abre a la constituci\u00f3n de nuevos mundos posibles, mundos donde el principio pol\u00edtico de lo com\u00fan sirva como eje para la comprensi\u00f3n de la pol\u00edtica como una tarea de autoinstituci\u00f3n y de autogobierno de las comunidades.<\/p>\n","protected":false},"excerpt":{"rendered":"<p>La capacidad de juicio requiere de la imaginaci\u00f3n, del sensus comunnis y del pensamiento representativo. Si bien es cierto que el sensus communis nos conduce a pensar en una comunidad de juicio ya instituida; la imaginaci\u00f3n nos permite apelar a la capacidad de generar nuevos juicios que interpelen y modifiquen los pre-juicios. Desde la perspectiva &hellip; <\/p>\n<p class=\"link-more\"><a href=\"https:\/\/maytemunoz.net\/?page_id=2946\" class=\"more-link\">Continuar leyendo<span class=\"screen-reader-text\"> \u00abHIP\u00d3TESIS\u00bb<\/span><\/a><\/p>\n","protected":false},"author":5,"featured_media":0,"parent":0,"menu_order":0,"comment_status":"closed","ping_status":"closed","template":"","meta":[],"_links":{"self":[{"href":"https:\/\/maytemunoz.net\/index.php?rest_route=\/wp\/v2\/pages\/2946"}],"collection":[{"href":"https:\/\/maytemunoz.net\/index.php?rest_route=\/wp\/v2\/pages"}],"about":[{"href":"https:\/\/maytemunoz.net\/index.php?rest_route=\/wp\/v2\/types\/page"}],"author":[{"embeddable":true,"href":"https:\/\/maytemunoz.net\/index.php?rest_route=\/wp\/v2\/users\/5"}],"replies":[{"embeddable":true,"href":"https:\/\/maytemunoz.net\/index.php?rest_route=%2Fwp%2Fv2%2Fcomments&post=2946"}],"version-history":[{"count":2,"href":"https:\/\/maytemunoz.net\/index.php?rest_route=\/wp\/v2\/pages\/2946\/revisions"}],"predecessor-version":[{"id":2948,"href":"https:\/\/maytemunoz.net\/index.php?rest_route=\/wp\/v2\/pages\/2946\/revisions\/2948"}],"wp:attachment":[{"href":"https:\/\/maytemunoz.net\/index.php?rest_route=%2Fwp%2Fv2%2Fmedia&parent=2946"}],"curies":[{"name":"wp","href":"https:\/\/api.w.org\/{rel}","templated":true}]}}