{"id":3049,"date":"2020-11-05T15:40:25","date_gmt":"2020-11-05T21:40:25","guid":{"rendered":"http:\/\/maytemunoz.net\/?page_id=3049"},"modified":"2020-11-05T15:40:25","modified_gmt":"2020-11-05T21:40:25","slug":"objetivos","status":"publish","type":"page","link":"https:\/\/maytemunoz.net\/?page_id=3049","title":{"rendered":"Objetivos"},"content":{"rendered":"<p><strong>GENERAL<\/strong><\/p>\n<p style=\"text-align: justify;\">Elaborar una teor\u00eda del juicio pol\u00edtico que resulte pertinente no s\u00f3lo para pensar la pol\u00edtica sino fundamentalmente para establecer una ontolog\u00eda y una praxis de lo pol\u00edtico fundada en el principio de lo com\u00fan.<\/p>\n<p><strong>ESPEC\u00cdFICOS<\/strong><\/p>\n<p><span style=\"color: #0000ff;\">Prioridad: 1<\/span><\/p>\n<p style=\"text-align: justify;\">Analizar los conceptos de lo com\u00fan, el espacio p\u00fablico, lo pol\u00edtico con la finalidad de establecer el entorno conceptual del principio de lo com\u00fan.<\/p>\n<p><span style=\"color: #0000ff;\">Prioridad: 2<\/span><\/p>\n<p style=\"text-align: justify;\">Discutir la interna relaci\u00f3n entre lo pol\u00edtico y la capacidad de juicio para defender la articulaci\u00f3n ling\u00fc\u00edstica\u00a0de lo pol\u00edtico.<\/p>\n<p><span style=\"color: #0000ff;\">Prioridad: 3<\/span><\/p>\n<p style=\"text-align: justify;\">Revisar diferentes conceptualizaci\u00f3n de lo com\u00fan en la filosof\u00eda pol\u00edtica contempor\u00e1nea (Arendt, Laval y\u00a0Dardot; Hardt y Negri, Villaca\u00f1as), para establecer una propuesta propia.<\/p>\n<p><span style=\"color: #0000ff;\">Prioridad: 4<\/span><\/p>\n<p style=\"text-align: justify;\">Analizar las propuestas contempor\u00e1neas de quienes [ (Zerilli (2011, 2013 y 2015), Passerin D \u0301Entrev\u00e9s (1994), Ferrara (1999 y 2008), Benhabid (1996), Bernstein (2002), Lisa Jane Disch (1996) y Azmanova (2012)] buscan, en sus discusiones acerca de y con la teor\u00eda del juicio arendtiana, sostener un compromiso con el di\u00e1logo, en ausencia de principios b\u00e1sicos comunes en las sociedades plurales contempor\u00e1neas.<\/p>\n","protected":false},"excerpt":{"rendered":"<p>GENERAL Elaborar una teor\u00eda del juicio pol\u00edtico que resulte pertinente no s\u00f3lo para pensar la pol\u00edtica sino fundamentalmente para establecer una ontolog\u00eda y una praxis de lo pol\u00edtico fundada en el principio de lo com\u00fan. ESPEC\u00cdFICOS Prioridad: 1 Analizar los conceptos de lo com\u00fan, el espacio p\u00fablico, lo pol\u00edtico con la finalidad de establecer el &hellip; <\/p>\n<p class=\"link-more\"><a href=\"https:\/\/maytemunoz.net\/?page_id=3049\" class=\"more-link\">Continuar leyendo<span class=\"screen-reader-text\"> \u00abObjetivos\u00bb<\/span><\/a><\/p>\n","protected":false},"author":5,"featured_media":0,"parent":0,"menu_order":0,"comment_status":"closed","ping_status":"closed","template":"","meta":[],"_links":{"self":[{"href":"https:\/\/maytemunoz.net\/index.php?rest_route=\/wp\/v2\/pages\/3049"}],"collection":[{"href":"https:\/\/maytemunoz.net\/index.php?rest_route=\/wp\/v2\/pages"}],"about":[{"href":"https:\/\/maytemunoz.net\/index.php?rest_route=\/wp\/v2\/types\/page"}],"author":[{"embeddable":true,"href":"https:\/\/maytemunoz.net\/index.php?rest_route=\/wp\/v2\/users\/5"}],"replies":[{"embeddable":true,"href":"https:\/\/maytemunoz.net\/index.php?rest_route=%2Fwp%2Fv2%2Fcomments&post=3049"}],"version-history":[{"count":1,"href":"https:\/\/maytemunoz.net\/index.php?rest_route=\/wp\/v2\/pages\/3049\/revisions"}],"predecessor-version":[{"id":3051,"href":"https:\/\/maytemunoz.net\/index.php?rest_route=\/wp\/v2\/pages\/3049\/revisions\/3051"}],"wp:attachment":[{"href":"https:\/\/maytemunoz.net\/index.php?rest_route=%2Fwp%2Fv2%2Fmedia&parent=3049"}],"curies":[{"name":"wp","href":"https:\/\/api.w.org\/{rel}","templated":true}]}}