{"id":3053,"date":"2020-11-05T15:44:51","date_gmt":"2020-11-05T21:44:51","guid":{"rendered":"http:\/\/maytemunoz.net\/?page_id=3053"},"modified":"2022-02-10T23:58:04","modified_gmt":"2022-02-11T05:58:04","slug":"metas-especificas","status":"publish","type":"page","link":"https:\/\/maytemunoz.net\/?page_id=3053","title":{"rendered":"Metas Espec\u00edficas"},"content":{"rendered":"<p><strong><span style=\"color: #0000ff;\">PRIMER A\u00d1O<\/span><\/strong><\/p>\n<p style=\"text-align: justify;\">Titulaci\u00f3n de al menos 1 tesistas de licenciatura: V\u00edctor Manuel Valladolid Bibriesca.<\/p>\n<p style=\"text-align: justify;\">Conferencia Magistral en el Instituto de Filosof\u00eda del Consejo Superior de Investigaciones Cient\u00edfica (CSIC), Madrid, Espa\u00f1a finales junio 2021.<\/p>\n<p style=\"text-align: justify;\">Elaboraci\u00f3n de ponencias para el XX Congreso Internacional de la Asociaci\u00f3n filos\u00f3fica de M\u00e9xico (junio 2021).<\/p>\n<p style=\"text-align: justify;\">La organizaci\u00f3n y desarrollo de un seminario de posgrado e investigaci\u00f3n (2021-1) donde buscamos delimitar conceptualmente lo com\u00fan: Lo com\u00fan, lo pol\u00edtico y el espacio p\u00fablico<\/p>\n<p style=\"text-align: justify;\">Vid: <span style=\"color: #0000ff;\"><a style=\"color: #0000ff;\" href=\"https:\/\/maytemunoz.net\/?page_id=2696\">https:\/\/maytemunoz.net\/?page_id=2696<\/a><\/span><\/p>\n<p style=\"text-align: justify;\">Entrega a dictamen del libro de autor\u00eda: Una teor\u00eda del juicio para la comunidad pol\u00edtica.<\/p>\n<p style=\"text-align: justify;\">La organizaci\u00f3n de un coloquio en el marco del VI Congreso Iberoamericano de filosof\u00eda (Granada, septiembre 2021).<\/p>\n<p style=\"text-align: justify;\">Elaboraci\u00f3n de ponencias para el VI Congreso Iberoamericano de filosof\u00eda Granada (septiembre 2021).<\/p>\n<p><strong><span style=\"color: #0000ff;\">SEGUNDO A\u00d1O<\/span><\/strong><\/p>\n<p style=\"text-align: justify;\">Presentaci\u00f3n de un art\u00edculos de investigaci\u00f3n especializada en revistas de alto impacto Impartir una conferencia magistral en la Universidad de la Plata (Argentina).<\/p>\n<p style=\"text-align: justify;\">Asistencia como conferencista al Tercer Taller del Grupo de Trabajo CLACSO, Reinvenciones de lo com\u00fan. En Buenos Aires, Argentina. En este encuentro se presentar\u00e1n avances de la investigaci\u00f3n. Junio 2022.<\/p>\n<p style=\"text-align: justify;\">La organizaci\u00f3n e impartici\u00f3n de un seminario de posgrado sobre la articulaci\u00f3n de lo com\u00fan con el juicio pol\u00edtico. <span style=\"color: #0000ff;\"><a style=\"color: #0000ff;\" href=\"https:\/\/maytemunoz.net\/?page_id=1398\">https:\/\/maytemunoz.net\/?page_id=1398<\/a><\/span><\/p>\n<p>Vid: Seminario <a href=\"https:\/\/maytemunoz.net\/?page_id=3435\"><strong><span style=\"color: #0000ff;\">\u00abLa memoria, la imaginaci\u00f3n y el juicio pol\u00edtico\u00bb<\/span><\/strong><\/a> (2022)<\/p>\n<p>Vid: Seminario <a href=\"https:\/\/maytemunoz.net\/?page_id=3236\"><span style=\"color: #0000ff;\"><strong>\u00abLas emociones y la imaginaci\u00f3n en pol\u00edtica\u00bb<\/strong><\/span><\/a> (2021)<\/p>\n<p style=\"text-align: justify;\">Organizaci\u00f3n de un IV Encuentro-taller con el Grupo CLACSO, Reinvenciones de lo com\u00fan Preparaci\u00f3n de ponencias para el Encuentro-Taller.<\/p>\n<p style=\"text-align: justify;\">Titulaci\u00f3n de al menos una alumna de maestr\u00eda y dos de doctorado. Andrea Cervantes (Maestr\u00eda), Aura Cruz y Fernanda Cruz (doctorado).<\/p>\n<p style=\"text-align: justify;\">Publicaci\u00f3n y difusi\u00f3n de la compilaci\u00f3n: Pensar lo com\u00fan.<\/p>\n","protected":false},"excerpt":{"rendered":"<p>PRIMER A\u00d1O Titulaci\u00f3n de al menos 1 tesistas de licenciatura: V\u00edctor Manuel Valladolid Bibriesca. Conferencia Magistral en el Instituto de Filosof\u00eda del Consejo Superior de Investigaciones Cient\u00edfica (CSIC), Madrid, Espa\u00f1a finales junio 2021. Elaboraci\u00f3n de ponencias para el XX Congreso Internacional de la Asociaci\u00f3n filos\u00f3fica de M\u00e9xico (junio 2021). La organizaci\u00f3n y desarrollo de un &hellip; <\/p>\n<p class=\"link-more\"><a href=\"https:\/\/maytemunoz.net\/?page_id=3053\" class=\"more-link\">Continuar leyendo<span class=\"screen-reader-text\"> \u00abMetas Espec\u00edficas\u00bb<\/span><\/a><\/p>\n","protected":false},"author":5,"featured_media":0,"parent":0,"menu_order":0,"comment_status":"closed","ping_status":"closed","template":"","meta":[],"_links":{"self":[{"href":"https:\/\/maytemunoz.net\/index.php?rest_route=\/wp\/v2\/pages\/3053"}],"collection":[{"href":"https:\/\/maytemunoz.net\/index.php?rest_route=\/wp\/v2\/pages"}],"about":[{"href":"https:\/\/maytemunoz.net\/index.php?rest_route=\/wp\/v2\/types\/page"}],"author":[{"embeddable":true,"href":"https:\/\/maytemunoz.net\/index.php?rest_route=\/wp\/v2\/users\/5"}],"replies":[{"embeddable":true,"href":"https:\/\/maytemunoz.net\/index.php?rest_route=%2Fwp%2Fv2%2Fcomments&post=3053"}],"version-history":[{"count":3,"href":"https:\/\/maytemunoz.net\/index.php?rest_route=\/wp\/v2\/pages\/3053\/revisions"}],"predecessor-version":[{"id":3517,"href":"https:\/\/maytemunoz.net\/index.php?rest_route=\/wp\/v2\/pages\/3053\/revisions\/3517"}],"wp:attachment":[{"href":"https:\/\/maytemunoz.net\/index.php?rest_route=%2Fwp%2Fv2%2Fmedia&parent=3053"}],"curies":[{"name":"wp","href":"https:\/\/api.w.org\/{rel}","templated":true}]}}