{"id":3055,"date":"2020-11-05T15:48:56","date_gmt":"2020-11-05T21:48:56","guid":{"rendered":"http:\/\/maytemunoz.net\/?page_id=3055"},"modified":"2020-11-05T15:48:56","modified_gmt":"2020-11-05T21:48:56","slug":"estrategia-metodologica","status":"publish","type":"page","link":"https:\/\/maytemunoz.net\/?page_id=3055","title":{"rendered":"Estrategia Metodol\u00f3gica"},"content":{"rendered":"<p style=\"text-align: justify;\">Este es un proyecto de investigaci\u00f3n centrado en la revisi\u00f3n, discusi\u00f3n y an\u00e1lisis cr\u00edtico de textos de fil\u00f3sofos y fil\u00f3sofas contempor\u00e1neos sobre tres conceptos eje: la capacidad de juzgar, el espacio p\u00fablico\/pol\u00edtico y lo com\u00fan.<\/p>\n<p style=\"text-align: justify;\">La din\u00e1mica de trabajo girar\u00e1 en torno a un seminario semanal donde, adem\u00e1s del an\u00e1lisis conceptual y la revisi\u00f3n hermen\u00e9utico cr\u00edtica de los textos pertinentes a la tem\u00e1tica, se discutir\u00e1n de manera grupal los avances de investigaci\u00f3n de los miembros del grupo. Es muy importante destacar que la interacci\u00f3n entre colegas fil\u00f3sofos y fil\u00f3sofas consagradas y los y las estudiantes en formaci\u00f3n ser\u00e1 fundamental para el buen avance del trabajo investigaci\u00f3n y para alcanzar las metas relativas a la formaci\u00f3n de recursos humanos que se plantea el proyecto.<\/p>\n<p style=\"text-align: justify;\">Por \u00faltimo, estas discusiones se ver\u00e1n enriquecidas por los coloquios que tenemos previstos (un coloquio en Congreso Internacional y un Encuentro-taller con colegas de Am\u00e9rica Latina y el Caribe). La exposici\u00f3n, discusi\u00f3n y an\u00e1lisis de los avances de investigaci\u00f3n con los y las colegas de otras latitudes que trabajan el tema ser\u00e1 sin duda muy enriquecedor para todos y todas.<\/p>\n","protected":false},"excerpt":{"rendered":"<p>Este es un proyecto de investigaci\u00f3n centrado en la revisi\u00f3n, discusi\u00f3n y an\u00e1lisis cr\u00edtico de textos de fil\u00f3sofos y fil\u00f3sofas contempor\u00e1neos sobre tres conceptos eje: la capacidad de juzgar, el espacio p\u00fablico\/pol\u00edtico y lo com\u00fan. La din\u00e1mica de trabajo girar\u00e1 en torno a un seminario semanal donde, adem\u00e1s del an\u00e1lisis conceptual y la revisi\u00f3n hermen\u00e9utico &hellip; <\/p>\n<p class=\"link-more\"><a href=\"https:\/\/maytemunoz.net\/?page_id=3055\" class=\"more-link\">Continuar leyendo<span class=\"screen-reader-text\"> \u00abEstrategia Metodol\u00f3gica\u00bb<\/span><\/a><\/p>\n","protected":false},"author":5,"featured_media":0,"parent":0,"menu_order":0,"comment_status":"closed","ping_status":"closed","template":"","meta":[],"_links":{"self":[{"href":"https:\/\/maytemunoz.net\/index.php?rest_route=\/wp\/v2\/pages\/3055"}],"collection":[{"href":"https:\/\/maytemunoz.net\/index.php?rest_route=\/wp\/v2\/pages"}],"about":[{"href":"https:\/\/maytemunoz.net\/index.php?rest_route=\/wp\/v2\/types\/page"}],"author":[{"embeddable":true,"href":"https:\/\/maytemunoz.net\/index.php?rest_route=\/wp\/v2\/users\/5"}],"replies":[{"embeddable":true,"href":"https:\/\/maytemunoz.net\/index.php?rest_route=%2Fwp%2Fv2%2Fcomments&post=3055"}],"version-history":[{"count":1,"href":"https:\/\/maytemunoz.net\/index.php?rest_route=\/wp\/v2\/pages\/3055\/revisions"}],"predecessor-version":[{"id":3056,"href":"https:\/\/maytemunoz.net\/index.php?rest_route=\/wp\/v2\/pages\/3055\/revisions\/3056"}],"wp:attachment":[{"href":"https:\/\/maytemunoz.net\/index.php?rest_route=%2Fwp%2Fv2%2Fmedia&parent=3055"}],"curies":[{"name":"wp","href":"https:\/\/api.w.org\/{rel}","templated":true}]}}