{"id":3119,"date":"2021-01-16T21:40:40","date_gmt":"2021-01-17T03:40:40","guid":{"rendered":"http:\/\/maytemunoz.net\/?page_id=3119"},"modified":"2021-06-16T10:45:45","modified_gmt":"2021-06-16T16:45:45","slug":"el-juicio-la-imaginacion-y-las-emociones","status":"publish","type":"page","link":"https:\/\/maytemunoz.net\/?page_id=3119","title":{"rendered":"El juicio, la imaginaci\u00f3n y las emociones"},"content":{"rendered":"<div id=\"pl-3119\"  class=\"panel-layout\" ><div id=\"pg-3119-0\"  class=\"panel-grid panel-no-style\" ><div id=\"pgc-3119-0-0\"  class=\"panel-grid-cell\" ><div id=\"panel-3119-0-0-0\" class=\"so-panel widget widget_sow-accordion panel-first-child panel-last-child\" data-index=\"0\" ><div\n\t\t\t\n\t\t\tclass=\"so-widget-sow-accordion so-widget-sow-accordion-default-99be652ed941-3119\"\n\t\t\t\n\t\t><div>\n\t<div class=\"sow-accordion\">\n\t\t\t<div class=\"sow-accordion-panel\"\n\t\t\t data-anchor=\"objetivos\">\n\t\t\t\t<div class=\"sow-accordion-panel-header-container\" role=\"heading\" aria-level=\"2\">\n\t\t\t\t\t<div class=\"sow-accordion-panel-header\" tabindex=\"0\" role=\"button\" id=\"accordion-label-objetivos\" aria-controls=\"accordion-content-objetivos\" aria-expanded=\"false\">\n\t\t\t\t\t\t<div class=\"sow-accordion-title sow-accordion-title-icon-left\">\n\t\t\t\t\t\t\t\t\t\t\t\t\t\tObjetivos\t\t\t\t\t\t\t\t\t\t\t\t\t<\/div>\n\t\t\t\t\t\t<div class=\"sow-accordion-open-close-button\">\n\t\t\t\t\t\t\t<div class=\"sow-accordion-open-button\">\n\t\t\t\t\t\t\t\t<span class=\"sow-icon-ionicons\" data-sow-icon=\"&#xf218;\"\n\t\t \n\t\taria-hidden=\"true\"><\/span>\t\t\t\t\t\t\t<\/div>\n\t\t\t\t\t\t\t<div class=\"sow-accordion-close-button\">\n\t\t\t\t\t\t\t\t<span class=\"sow-icon-ionicons\" data-sow-icon=\"&#xf209;\"\n\t\t \n\t\taria-hidden=\"true\"><\/span>\t\t\t\t\t\t\t<\/div>\n\t\t\t\t\t\t<\/div>\n\t\t\t\t\t<\/div>\n\t\t\t\t<\/div>\n\n\t\t\t<div\n\t\t\t\tclass=\"sow-accordion-panel-content\"\n\t\t\t\trole=\"region\"\n\t\t\t\taria-labelledby=\"accordion-label-objetivos\"\n\t\t\t\tid=\"accordion-content-objetivos\"\n\t\t\t\tstyle=\"display: none;\"\t\t\t>\n\t\t\t\t<div class=\"sow-accordion-panel-border\">\n\t\t\t\t\t<p>&nbsp;<\/p>\n<p><strong>Objetivo general: <\/strong><\/p>\n<p style=\"text-align: justify;\">Establecer las confluencias conceptuales entre \u201cel juicio\u201d, \u201cla imaginaci\u00f3n\u201d y \u201clas emociones\u201d y discutir su relevancia para pensar la comunidad pol\u00edtica.<\/p>\n<p><strong>Objetivos particulares:<\/strong><\/p>\n<p style=\"text-align: justify;\">Revisar la propuesta arendtiana acerca del juicio<\/p>\n<p style=\"text-align: justify;\">Discutir el papel que Castoriadis otorga a la imaginaci\u00f3n en la constituci\u00f3n de la sociedad<\/p>\n<p style=\"text-align: justify;\">Analizar la propuesta de Chantal Mouffe con relaci\u00f3n al papel de las emociones en la constituci\u00f3n de lo pol\u00edtico<\/p>\n\t\t\t\t<\/div>\n\t\t\t<\/div>\n\t\t<\/div>\n\t\t\t<div class=\"sow-accordion-panel\"\n\t\t\t data-anchor=\"temas\">\n\t\t\t\t<div class=\"sow-accordion-panel-header-container\" role=\"heading\" aria-level=\"2\">\n\t\t\t\t\t<div class=\"sow-accordion-panel-header\" tabindex=\"0\" role=\"button\" id=\"accordion-label-temas\" aria-controls=\"accordion-content-temas\" aria-expanded=\"false\">\n\t\t\t\t\t\t<div class=\"sow-accordion-title sow-accordion-title-icon-left\">\n\t\t\t\t\t\t\t\t\t\t\t\t\t\tTemas\t\t\t\t\t\t\t\t\t\t\t\t\t<\/div>\n\t\t\t\t\t\t<div class=\"sow-accordion-open-close-button\">\n\t\t\t\t\t\t\t<div class=\"sow-accordion-open-button\">\n\t\t\t\t\t\t\t\t<span class=\"sow-icon-ionicons\" data-sow-icon=\"&#xf218;\"\n\t\t \n\t\taria-hidden=\"true\"><\/span>\t\t\t\t\t\t\t<\/div>\n\t\t\t\t\t\t\t<div class=\"sow-accordion-close-button\">\n\t\t\t\t\t\t\t\t<span class=\"sow-icon-ionicons\" data-sow-icon=\"&#xf209;\"\n\t\t \n\t\taria-hidden=\"true\"><\/span>\t\t\t\t\t\t\t<\/div>\n\t\t\t\t\t\t<\/div>\n\t\t\t\t\t<\/div>\n\t\t\t\t<\/div>\n\n\t\t\t<div\n\t\t\t\tclass=\"sow-accordion-panel-content\"\n\t\t\t\trole=\"region\"\n\t\t\t\taria-labelledby=\"accordion-label-temas\"\n\t\t\t\tid=\"accordion-content-temas\"\n\t\t\t\tstyle=\"display: none;\"\t\t\t>\n\t\t\t\t<div class=\"sow-accordion-panel-border\">\n\t\t\t\t\t<p>&nbsp;<\/p>\n<p><strong>1. \u00a0La teor\u00eda del juicio arendtiana<\/strong><\/p>\n<p style=\"padding-left: 40px;\">a. Sensus communis<\/p>\n<p style=\"padding-left: 40px;\">b. Mentalidad ampliada<\/p>\n<p style=\"padding-left: 40px;\">c. Imaginaci\u00f3n<\/p>\n<p style=\"padding-left: 40px;\">d. Validez ejemplar<\/p>\n<p><span style=\"color: #993300;\"><strong>Lecturas<\/strong><\/span><\/p>\n<p>Hannah Arendt, <a href=\"https:\/\/josefranciscoescribanomaenza.files.wordpress.com\/2015\/11\/descargar8.pdf\"><span style=\"color: #0000ff;\"><strong>Conferencias sobre la filosof\u00eda pol\u00edtica de Kant<\/strong><\/span><\/a><\/p>\n<p>Hannah Arendt, <a href=\"https:\/\/monoskop.org\/images\/6\/61\/Arendt_Hannah_Lectures_on_Kants_political_philosophy_1992.pdf\"><strong><span style=\"color: #0000ff;\">Lectures on Kant's Political Philosophy<\/span><\/strong><\/a><\/p>\n<p>Hannah Arendt, <a href=\"http:\/\/maytemunoz.net\/wp-content\/uploads\/2016\/10\/arendt-hannah-sobre-la-revolucion-ed-alianza.pdf\"><strong><span style=\"color: #0000ff;\">Sobre la revoluci\u00f3n<\/span><\/strong><\/a><\/p>\n<p>Hannah Arendt, <a href=\"https:\/\/www.prd.org.mx\/libros\/documentos\/libros\/Pasado-Futuro-Hannah.pdf\"><strong><span style=\"color: #0000ff;\">\"Verdad y pol\u00edtica\" en Entre el pasado y el futuro. Ocho ejercicios sobre la reflexi\u00f3n pol\u00edtica<\/span><\/strong><\/a><\/p>\n<p>Hannah Arendt, <a href=\"http:\/\/maytemunoz.net\/wp-content\/uploads\/2021\/02\/Arendt_LaPromesaDeLaPolitica.pdf\"><strong><span style=\"color: #0000ff;\">La promesa de la pol\u00edtica<\/span><\/strong><\/a><\/p>\n<p><strong><span style=\"color: #800000;\">Textos de los integrantes del grupo<\/span><\/strong><\/p>\n<p>Alessandro Ferrara, <a href=\"https:\/\/seminarioshannaharendt.files.wordpress.com\/2016\/08\/la-fuerza-del-ejemplo.pdf\"><strong><span style=\"color: #0000ff;\">El juicio como paradigma y la elucidaci\u00f3n de lo ejemplar<\/span><\/strong><\/a><\/p>\n<p>Mayte Mu\u00f1oz, <a href=\"http:\/\/maytemunoz.net\/wp-content\/uploads\/2021\/02\/el-juicio-politico-EntradaDiccionariodeJusticia.pdf\"><span style=\"color: #0000ff;\"><strong>El juicio pol\u00edtico<\/strong><\/span><\/a><\/p>\n<div class=\"page\" title=\"Page 1\">\n<div class=\"layoutArea\">\n<div class=\"column\">\n<p>Dora Elvira Garc\u00eda, <a href=\"http:\/\/maytemunoz.net\/wp-content\/uploads\/2021\/04\/Sentido-comun-Introduccion-paginas-13-31.pdf\"><strong><span style=\"color: #0000ff;\">Introducci\u00f3n: hacia una hermen\u00e9utica del sentido com\u00fan<\/span><\/strong><\/a><\/p>\n<p>Dora Elvira Garc\u00eda,\u00a0<a href=\"http:\/\/maytemunoz.net\/wp-content\/uploads\/2021\/04\/Hannah-Arendt..-Sentido-comun-paginas-101-121.pdf\"><strong><span style=\"font-size: 1rem; color: #0000ff;\">El sentido com\u00fan: categor\u00eda hermen\u00e9utico-pol\u00edtica en Hannah Arendt<\/span><\/strong><\/a><\/p>\n<p>Dora Elvira Garc\u00eda, <a href=\"http:\/\/maytemunoz.net\/wp-content\/uploads\/2021\/04\/SC-Arendt.pptx\"><strong><span style=\"font-size: 1rem; color: #0000ff;\">El sentido com\u00fan: categor\u00eda hermen\u00e9utico-pol\u00edtica en Hannah Arendt<\/span><\/strong><\/a>\u00a0Power Point.<\/p>\n<\/div>\n<\/div>\n<\/div>\n<p><strong>2. El papel de la imaginaci\u00f3n en la constituci\u00f3n de la comunidad<\/strong><\/p>\n<p style=\"padding-left: 40px;\">a. Imaginario social<\/p>\n<p style=\"padding-left: 40px;\">b. La imaginaci\u00f3n radical<\/p>\n<p><span style=\"color: #993300;\"><strong>Lecturas<\/strong><\/span><\/p>\n<p>CASTORIADIS, C., <a href=\"https:\/\/revolucioncantonaldotnet.files.wordpress.com\/2019\/01\/kupdf.com_la-institucioacuten-imaginaria-de-la-sociedad-cornelius-castoriadis.pdf\"><strong><span style=\"color: #0000ff;\"><em>La instituci\u00f3n imaginaria de la sociedad<\/em><\/span><\/strong><\/a>, Barcelona Tusquet, 1975<\/p>\n<p>CASTORIADIS, C., <span style=\"color: #0000ff;\"><em><strong>Figuras de lo pensable. Imaginario e imaginaci\u00f3n en la encrucijada<\/strong><\/em><\/span><\/p>\n<p>CASTORIADIS, C., <a href=\"https:\/\/agmer.org.ar\/index\/wp-content\/uploads\/2017\/07\/CASTORIADIS-Los-dominios-del-hombre-extracto-1.pdf\"><span style=\"color: #0000ff;\"><em><strong>Lo imaginario: la creaci\u00f3n en el dominio hist\u00f3rico social<\/strong><\/em><\/span><\/a><\/p>\n<p>Alessandro Ferrara, <a href=\"http:\/\/maytemunoz.net\/wp-content\/uploads\/2021\/05\/Ferrara_Cap2.pdf\"><strong><span style=\"color: #0000ff;\">La fuerza del ejemplo. Exploraciones del paradigma del juicio.\u00a0<\/span><\/strong><\/a><\/p>\n<p>Ronald Beiner y Jennifer Nedelsky, <a href=\"http:\/\/maytemunoz.net\/wp-content\/uploads\/2021\/05\/Beiner_Arendt.pdf\"><span style=\"color: #0000ff;\"><strong>Judgment, Imagination and Politics.<\/strong> <\/span>\u00a0<\/a><\/p>\n<p><strong><span style=\"color: #800000;\">Textos de los integrantes del grupo<\/span><\/strong><\/p>\n<p>Mayte Mu\u00f1oz, <a href=\"http:\/\/maytemunoz.net\/wp-content\/uploads\/2021\/05\/El-juicio-y-la-imaginacion.pptx\"><span style=\"color: #0000ff;\"><strong>El juicio y la imaginaci\u00f3n<\/strong><\/span><\/a><\/p>\n<p>Alfonso Hern\u00e1ndez, <a href=\"http:\/\/maytemunoz.net\/wp-content\/uploads\/2021\/04\/2.-Exposicion-El-descubrimiento-de-la-imaginacion-Alfonso-Hernandez.pdf\"><strong><span style=\"color: #0000ff;\">El descubrimiento de la imaginaci\u00f3n<\/span><\/strong><\/a><\/p>\n<p>Alfonso Hern\u00e1ndez, <a href=\"http:\/\/maytemunoz.net\/wp-content\/uploads\/2021\/04\/1.-Presentacion-Castoriadis-Alfonso-Hernandez.pdf\"><strong><span style=\"color: #0000ff;\">Presenta<\/span><span style=\"color: #0000ff;\">ci\u00f3n Castoriadis<\/span><\/strong><\/a><\/p>\n<p>V\u00edctor Eduardo S\u00e1nchez Luque,\u00a0<a href=\"http:\/\/maytemunoz.net\/wp-content\/uploads\/2021\/04\/VesLuqueCastoriadisLo-imaginario.docx\"><span style=\"color: #0000ff;\"><strong>Lo imaginario: la creaci\u00f3n en el dominio hist\u00f3rico-social<\/strong><\/span><\/a><\/p>\n<p>Ernesto Maga\u00f1a,\u00a0<a href=\"http:\/\/maytemunoz.net\/wp-content\/uploads\/2021\/04\/Kant-y-la-imaginacion.docx\"><span style=\"color: #0000ff;\"><b>El papel de la imaginaci\u00f3n en la Deducci\u00f3n Trascendental (A) y (B)<\/b><\/span><\/a><\/p>\n<div class=\"page\" title=\"Page 1\">\n<div class=\"section\">\n<div class=\"layoutArea\">\n<div class=\"column\">\n<p>Aura R. Cruz Aburto,\u00a0<a href=\"http:\/\/maytemunoz.net\/wp-content\/uploads\/2021\/04\/La-imaginacion-en-Kant.pdf\"><span style=\"color: #0000ff;\"><strong><span style=\"font-size: 1rem;\">La imaginacio\u0301n en la KU, Kant La anali\u0301tica de lo bello y la teori\u0301a del genio<\/span><\/strong><\/span><\/a><\/p>\n<\/div>\n<\/div>\n<\/div>\n<\/div>\n<p><strong>3. La emociones y la constituci\u00f3n de lo pol\u00edtico<\/strong><\/p>\n<p style=\"padding-left: 40px;\">a. La emergencia de lo pol\u00edtico<\/p>\n<p style=\"padding-left: 40px;\">b. Lo pol\u00edtico y el conflicto<\/p>\n<p><span style=\"color: #993300;\"><strong>Lecturas<\/strong><\/span><\/p>\n<p>Mar\u00eda Garc\u00eda P\u00e9rez, <a href=\"http:\/\/maytemunoz.net\/wp-content\/uploads\/2021\/05\/Politicas-del-amor.pdf\"><strong><span style=\"color: #0000ff;\">Pol\u00edticas del Amor<\/span><\/strong><\/a><\/p>\n<p>Judith Butler, <span style=\"color: #0000ff;\"><strong>Los sentidos del sujeto<\/strong><\/span><\/p>\n<p>Judith Butler, <a href=\"http:\/\/maytemunoz.net\/wp-content\/uploads\/2021\/05\/Marcos-de-guerra_Judith-Butler.pdf\"><strong><span style=\"color: #0000ff;\">Marcos de guerra<\/span><\/strong><\/a><\/p>\n<p><strong><span style=\"color: #800000;\">Textos de los integrantes del grupo<\/span><\/strong><\/p>\n<p><span class=\"qu\" tabindex=\"-1\" role=\"gridcell\"><span class=\"gD\" data-hovercard-id=\"jvarga12@binghamton.edu\" data-hovercard-owner-id=\"134\">Jessica M Vargas,\u00a0<\/span><\/span><a href=\"http:\/\/maytemunoz.net\/wp-content\/uploads\/2021\/02\/Emociones-e-Imaginacion-en-Arendt.pdf\"><span style=\"color: #0000ff;\"><strong><span style=\"font-size: 1rem;\">Emociones e imaginaci\u00f3n en pol\u00edtica. \u00a0<\/span><span style=\"font-size: 1rem;\">Una aproximaci\u00f3n arendtiana<\/span><\/strong><\/span><\/a><\/p>\n<p>Fernanda Vega,\u00a0<a href=\"http:\/\/maytemunoz.net\/wp-content\/uploads\/2021\/05\/Politicas-del-amor-comentario-de-texto_Fernanda-Vega.pdf\"><span style=\"color: #0000ff;\"><strong><span style=\"font-size: 1rem;\">Comentario del libro: Poli\u0301ticas del amor, Mari\u0301a Garci\u0301a Pe\u0301rez<\/span><\/strong><\/span><\/a><\/p>\n<p>Frida B\u00e1rbara Monjar\u00e1s Feria, <a href=\"http:\/\/maytemunoz.net\/wp-content\/uploads\/2021\/05\/Emociones-politicas-Nussbaum.pptx\"><span style=\"color: #0000ff;\"><strong>Las emociones pol\u00edticas, \u00bfpor qu\u00e9 el amor es importante para la justicia?, Martha C. Nussbaum<\/strong><\/span><\/a><\/p>\n<p>Fernanda Cruz,\u00a0<a href=\"http:\/\/maytemunoz.net\/wp-content\/uploads\/2021\/06\/Entre-el-afecto-y-el-reconocimiento-Judith-Butler.pdf\"><strong><span style=\"font-size: 1rem; color: #0000ff;\">Cuerpo, afecto y reconocimiento: el juicio en Judith Butler<\/span><\/strong><\/a><\/p>\n<p><strong>4. Una lectura cr\u00edtica del juicio<\/strong><\/p>\n<p style=\"padding-left: 40px;\">a. El juicio y la cr\u00edtica<\/p>\n<p style=\"padding-left: 40px;\">b. Juicio y emancipaci\u00f3n<\/p>\n<p><strong><span style=\"color: #800000;\">Textos de los integrantes del grupo<\/span><\/strong><\/p>\n<p><span style=\"font-size: 1rem;\">Montserrat Espinosa, \u00a0<span style=\"color: #0000ff;\"><strong><a style=\"color: #0000ff;\" href=\"http:\/\/maytemunoz.net\/wp-content\/uploads\/2021\/06\/Azmanova_ME.pdf\">S\u00edntesis \u00a0de\u00a0<\/a><\/strong><\/span><\/span><span style=\"color: #0000ff;\"><strong><span style=\"font-size: 1rem;\">A. AZMANOVA, The Scandall of Reason, Columbia University Press, New York 2012<\/span><\/strong><\/span><\/p>\n<p>Ernesto Maga\u00f1a,\u00a0<span style=\"color: #0000ff;\"><strong><a style=\"color: #0000ff;\" href=\"http:\/\/maytemunoz.net\/wp-content\/uploads\/2021\/06\/Exposicion-Azmanova-y-TC.pdf\"><span style=\"font-size: 1rem;\">Cri\u0301tica y juicio poli\u0301tico en Hannah Arendt y Albena Azmanova<\/span><\/a><\/strong><\/span><\/p>\n<p>Mayte Mu\u00f1oz, <a href=\"http:\/\/maytemunoz.net\/wp-content\/uploads\/2021\/06\/The-Scandal-of-Reason.pptx\"><span style=\"color: #0000ff;\"><strong>The Scandal of Reason. A Critical Theory of Political Judgment<\/strong><\/span><\/a><\/p>\n<p><span style=\"color: #993300;\"><strong>Lecturas<\/strong><\/span><\/p>\n<p>ZERILLI, Linda, \u201c<a href=\"https:\/\/web.law.columbia.edu\/sites\/default\/files\/microsites\/academic-fellows\/images\/zerilli_nlh_published.pdf\"><strong><span style=\"color: #0000ff;\">The turn to affect and the problem of judgment<\/span><\/strong><\/a>\u201d, <em>New Literary History, <\/em>2015, 46: 261\u2013286<\/p>\n<p>ZERILLI, Linda, \u201c<a href=\"http:\/\/maytemunoz.net\/wp-content\/uploads\/2021\/05\/Presentacion_Turn-to-affect.pptx\"><strong><span style=\"color: #0000ff;\">The turn to affect and the problem of judgment<\/span><\/strong><\/a><span style=\"color: #000000;\">, Power Point<\/span><\/p>\n<p>MOUFFE Chantal, <span style=\"color: #0000ff;\"><strong><em><a style=\"color: #0000ff;\" href=\"http:\/\/archivos.diputados.gob.mx\/Centros_Estudio\/UEC\/maestria\/teo_politica\/El%20retorno%20de%20lo%20pol%C3%ADtico.%20Chantal%20Mouffe.pdf\">El retorno de lo pol\u00edtico. Comunidad, ciudadan\u00eda, pluralismo, democracia radica<\/a>l<\/em><\/strong><\/span><\/p>\n<p>NUSSBAUM, M., <a href=\"https:\/\/www.planetadelibros.com\/libros_contenido_extra\/29\/28428_Las_emociones_politicas.pdf\"><span style=\"color: #0000ff;\"><strong><em>Emociones pol\u00edticas<\/em>, 1\u00aa. parte \u201cun problema en la historia del liberalismo<\/strong><\/span><\/a><\/p>\n<p>Immanuel Kant, <a href=\"https:\/\/seminarioshannaharendt.files.wordpress.com\/2016\/08\/critique-of-judgment-1987.pdf\"><em><span style=\"color: #0000ff;\"><strong>Critique of Judgment<\/strong><\/span><\/em><\/a><\/p>\n<p>Immanuel Kant, <a href=\"https:\/\/seminarioshannaharendt.files.wordpress.com\/2016\/12\/kant-immanuel-critica_del_discernimiento-trad-aramayo.pdf\"><em><strong><span style=\"color: #0000ff;\">Cr\u00edtica del discernimiento<\/span><\/strong><\/em><\/a><\/p>\n<p>Immanuel Kant, <a href=\"http:\/\/chamilo.cut.edu.mx:8080\/chamilo\/courses\/FILOSOFIAB\/document\/kant-critica-de-la-razon-pura-ribas.pdf\"><em><strong><span style=\"color: #0000ff;\">Cr\u00edtica de la Raz\u00f3n Pura<\/span><\/strong><\/em><\/a><\/p>\n<p><span style=\"color: #993300;\"><strong>Lecturas Complementarias<\/strong><\/span><\/p>\n<p>Hannah Arendt, <a href=\"https:\/\/seminarioshannaharendt.files.wordpress.com\/2016\/08\/arendt-hannah-de-la-historia-a-la-accion.pdf\"><strong><span style=\"color: #0000ff;\">El pensar y las reflexiones morales<\/span><\/strong><\/a><\/p>\n<p><span style=\"font-size: 1rem;\">Montserrat Espinosa, <a href=\"http:\/\/maytemunoz.net\/wp-content\/uploads\/2021\/02\/MontseResena-dethinking-and-moral-considerationsresec3b1a-2.pdf\"><strong><span style=\"color: #0000ff;\">Rese\u00f1a:\u00a0<\/span><\/strong><\/a><\/span><strong><span style=\"font-size: 1rem; color: #0000ff;\">ARENDT, H., (1971) \u201cThinking and Moral Considerations: A lecture\u201d<\/span><\/strong><\/p>\n<p>Fernanda Cruz,\u00a0<a href=\"http:\/\/maytemunoz.net\/wp-content\/uploads\/2021\/02\/Los-comunes-en-la-perspectiva-feminista-de-Silvia-Federici.docx\"><span style=\"color: #0000ff;\"><strong>Los comunes en la perspectiva feminista de Silvia Federici: de la separaci\u00f3n a la reconexi\u00f3n del mundo<\/strong><\/span><\/a><\/p>\n<div class=\"page\" title=\"Page 1\">\n<div class=\"section\">\n<div class=\"layoutArea\">\n<div class=\"column\">\n<p>&nbsp;<\/p>\n<\/div>\n<\/div>\n<\/div>\n<\/div>\n<p>&nbsp;<\/p>\n\t\t\t\t<\/div>\n\t\t\t<\/div>\n\t\t<\/div>\n\t\t\t<div class=\"sow-accordion-panel\"\n\t\t\t data-anchor=\"bibliograf%c3%ada\">\n\t\t\t\t<div class=\"sow-accordion-panel-header-container\" role=\"heading\" aria-level=\"2\">\n\t\t\t\t\t<div class=\"sow-accordion-panel-header\" tabindex=\"0\" role=\"button\" id=\"accordion-label-bibliograf%c3%ada\" aria-controls=\"accordion-content-bibliograf%c3%ada\" aria-expanded=\"false\">\n\t\t\t\t\t\t<div class=\"sow-accordion-title sow-accordion-title-icon-left\">\n\t\t\t\t\t\t\t\t\t\t\t\t\t\tBibliograf\u00eda\t\t\t\t\t\t\t\t\t\t\t\t\t<\/div>\n\t\t\t\t\t\t<div class=\"sow-accordion-open-close-button\">\n\t\t\t\t\t\t\t<div class=\"sow-accordion-open-button\">\n\t\t\t\t\t\t\t\t<span class=\"sow-icon-ionicons\" data-sow-icon=\"&#xf218;\"\n\t\t \n\t\taria-hidden=\"true\"><\/span>\t\t\t\t\t\t\t<\/div>\n\t\t\t\t\t\t\t<div class=\"sow-accordion-close-button\">\n\t\t\t\t\t\t\t\t<span class=\"sow-icon-ionicons\" data-sow-icon=\"&#xf209;\"\n\t\t \n\t\taria-hidden=\"true\"><\/span>\t\t\t\t\t\t\t<\/div>\n\t\t\t\t\t\t<\/div>\n\t\t\t\t\t<\/div>\n\t\t\t\t<\/div>\n\n\t\t\t<div\n\t\t\t\tclass=\"sow-accordion-panel-content\"\n\t\t\t\trole=\"region\"\n\t\t\t\taria-labelledby=\"accordion-label-bibliograf%c3%ada\"\n\t\t\t\tid=\"accordion-content-bibliograf%c3%ada\"\n\t\t\t\tstyle=\"display: none;\"\t\t\t>\n\t\t\t\t<div class=\"sow-accordion-panel-border\">\n\t\t\t\t\t<p>&nbsp;<\/p>\n<p style=\"text-align: justify;\"><strong>Bibliograf\u00eda Obligatoria:<\/strong><\/p>\n<p style=\"text-align: justify;\">ARENDT, H., (1982) Lectures on Kant's Political Philosophy, (Ronald Beiner ed. And interpretative essay) Chicago, Chicago University Press<\/p>\n<p style=\"text-align: justify;\">ARENDT, H., (1996), \u201cVerdad y pol\u00edtica\u201d en Entre el pasado y el futuro. Ocho ejercicios sobre la reflexi\u00f3n pol\u00edtica, Barcelona, Pen\u00ednsula<\/p>\n<p style=\"text-align: justify;\">ARENDT, H., <em>Sobre la revoluci\u00f3n<\/em>,<\/p>\n<p style=\"text-align: justify;\">ZERILLI, Linda, \u201cThe turn to affect and the problem of judgment\u201d, <em>New Literary History, <\/em>2015, 46: 261\u2013286<\/p>\n<p style=\"text-align: justify;\">CASTORIADIS, C., <em>La instituci\u00f3n imaginaria de la sociedad<\/em>, Barcelona Tusquet, 1975<\/p>\n<p style=\"text-align: justify;\">CASTORIADIS, C., \u201cEl descubrimiento de la imaginaci\u00f3n\u201d en Los dominios del hombre. Las encrucijadas del laberinto, Barcelona, Gedisa, 1998, pp. 149-176.<\/p>\n<p style=\"text-align: justify;\">CASTORIADIS, C., Figuras de lo pensable, FCE, M\u00e9xico, 2002<\/p>\n<p style=\"text-align: justify;\">MOUFFE Chantal, <em>El retorno de lo pol\u00edtico. Comunidad, ciudadan\u00eda, pluralismo, democracia radical<\/em>, Barcelona, Paid\u00f3s, 1999.<\/p>\n<p style=\"text-align: justify;\">NUSSBAUM, M., <em>Emociones pol\u00edticas<\/em>, 1\u00aa. parte \u201cun problema en la historia del liberalismo<\/p>\n<p style=\"text-align: justify;\">AZMANOVA, Albena, (2012), The Scandal of Reason. A critical Theory of Political Judgment, New York, Columbia University Press.<\/p>\n<p style=\"text-align: justify;\"><strong>Bibliograf\u00eda Complementaria:<\/strong><\/p>\n<p style=\"text-align: justify;\">ARENDT, Hannah, (1961), \u201cThe Crisis in Culture: Its Social and Its Political Significance\u201d in Between the Past and the Future. New York, Penguin Books<\/p>\n<p style=\"text-align: justify;\">ARENDT, H., (1971) \u201cThinking and Moral Considerations: A lecture\u201d Social Research, 38, n.3: 417-446.<\/p>\n<p style=\"text-align: justify;\">ZERILLI, L., (2011) \"The practice of Judgment: Hannah Arendt\u00b4s Copernican Revolution\u201d in Theory after Theory, ed. Jane Elliott and Dereck Atridge, London, Rotledge<\/p>\n<p style=\"text-align: justify;\">BEINER, R. y NEDELSKY, J., (eds.) (2001) <em>Judgment, Imagination and Politics<\/em>, Rowman and Littlefiel, New York.<\/p>\n<p style=\"text-align: justify;\">FERRARA, Alessandro (2008) La fuerza del ejemplo: Exploraciones sobre el paradigma del juicio, Barcelona, Gedisa (s\u00f3lo tres primeros cap\u00edtulos)<\/p>\n<p style=\"text-align: justify;\">FERRARA, Alessandro (1999) Justice and Judgment, London, Sage.<\/p>\n<p style=\"text-align: justify;\">ESP\u00d3SITO, <em>Confines de lo pol\u00edtico. Nueve pensamientos sobre pol\u00edtica<\/em>, Madrid, Trotta, 1996.<\/p>\n\t\t\t\t<\/div>\n\t\t\t<\/div>\n\t\t<\/div>\n\t\t\t<div class=\"sow-accordion-panel\"\n\t\t\t data-anchor=\"programa\">\n\t\t\t\t<div class=\"sow-accordion-panel-header-container\" role=\"heading\" aria-level=\"2\">\n\t\t\t\t\t<div class=\"sow-accordion-panel-header\" tabindex=\"0\" role=\"button\" id=\"accordion-label-programa\" aria-controls=\"accordion-content-programa\" aria-expanded=\"false\">\n\t\t\t\t\t\t<div class=\"sow-accordion-title sow-accordion-title-icon-left\">\n\t\t\t\t\t\t\t\t\t\t\t\t\t\tPrograma\t\t\t\t\t\t\t\t\t\t\t\t\t<\/div>\n\t\t\t\t\t\t<div class=\"sow-accordion-open-close-button\">\n\t\t\t\t\t\t\t<div class=\"sow-accordion-open-button\">\n\t\t\t\t\t\t\t\t<span class=\"sow-icon-ionicons\" data-sow-icon=\"&#xf218;\"\n\t\t \n\t\taria-hidden=\"true\"><\/span>\t\t\t\t\t\t\t<\/div>\n\t\t\t\t\t\t\t<div class=\"sow-accordion-close-button\">\n\t\t\t\t\t\t\t\t<span class=\"sow-icon-ionicons\" data-sow-icon=\"&#xf209;\"\n\t\t \n\t\taria-hidden=\"true\"><\/span>\t\t\t\t\t\t\t<\/div>\n\t\t\t\t\t\t<\/div>\n\t\t\t\t\t<\/div>\n\t\t\t\t<\/div>\n\n\t\t\t<div\n\t\t\t\tclass=\"sow-accordion-panel-content\"\n\t\t\t\trole=\"region\"\n\t\t\t\taria-labelledby=\"accordion-label-programa\"\n\t\t\t\tid=\"accordion-content-programa\"\n\t\t\t\tstyle=\"display: none;\"\t\t\t>\n\t\t\t\t<div class=\"sow-accordion-panel-border\">\n\t\t\t\t\t<p><a href=\"https:\/\/maytemunoz.net\/wp-content\/uploads\/2021\/01\/El-juicio-la-imaginacion-y-las-emociones-2021-2.pdf\" class=\"pdfemb-viewer\" style=\"\" data-width=\"max\" data-height=\"max\" data-toolbar=\"bottom\" data-toolbar-fixed=\"on\">El juicio la imaginaci\u00f3n y las emociones 2021-2<\/a><\/p>\n\t\t\t\t<\/div>\n\t\t\t<\/div>\n\t\t<\/div>\n\t\t<\/div>\n<\/div>\n<\/div><\/div><\/div><\/div><\/div>","protected":false},"excerpt":{"rendered":"<p>Objetivos &nbsp; Objetivo general: Establecer las confluencias conceptuales entre \u201cel juicio\u201d, \u201cla imaginaci\u00f3n\u201d y \u201clas emociones\u201d y discutir su relevancia para pensar la comunidad pol\u00edtica. Objetivos particulares: Revisar la propuesta arendtiana acerca del juicio Discutir el papel que Castoriadis otorga a la imaginaci\u00f3n en la constituci\u00f3n de la sociedad Analizar la propuesta de Chantal Mouffe &hellip; <\/p>\n<p class=\"link-more\"><a href=\"https:\/\/maytemunoz.net\/?page_id=3119\" class=\"more-link\">Continuar leyendo<span class=\"screen-reader-text\"> \u00abEl juicio, la imaginaci\u00f3n y las emociones\u00bb<\/span><\/a><\/p>\n","protected":false},"author":5,"featured_media":0,"parent":0,"menu_order":0,"comment_status":"closed","ping_status":"closed","template":"","meta":[],"_links":{"self":[{"href":"https:\/\/maytemunoz.net\/index.php?rest_route=\/wp\/v2\/pages\/3119"}],"collection":[{"href":"https:\/\/maytemunoz.net\/index.php?rest_route=\/wp\/v2\/pages"}],"about":[{"href":"https:\/\/maytemunoz.net\/index.php?rest_route=\/wp\/v2\/types\/page"}],"author":[{"embeddable":true,"href":"https:\/\/maytemunoz.net\/index.php?rest_route=\/wp\/v2\/users\/5"}],"replies":[{"embeddable":true,"href":"https:\/\/maytemunoz.net\/index.php?rest_route=%2Fwp%2Fv2%2Fcomments&post=3119"}],"version-history":[{"count":59,"href":"https:\/\/maytemunoz.net\/index.php?rest_route=\/wp\/v2\/pages\/3119\/revisions"}],"predecessor-version":[{"id":3266,"href":"https:\/\/maytemunoz.net\/index.php?rest_route=\/wp\/v2\/pages\/3119\/revisions\/3266"}],"wp:attachment":[{"href":"https:\/\/maytemunoz.net\/index.php?rest_route=%2Fwp%2Fv2%2Fmedia&parent=3119"}],"curies":[{"name":"wp","href":"https:\/\/api.w.org\/{rel}","templated":true}]}}