{"id":3588,"date":"2022-06-02T13:39:34","date_gmt":"2022-06-02T19:39:34","guid":{"rendered":"https:\/\/maytemunoz.net\/?page_id=3588"},"modified":"2025-01-20T09:56:31","modified_gmt":"2025-01-20T15:56:31","slug":"filosofia-politica-unam-2023-1-2","status":"publish","type":"page","link":"https:\/\/maytemunoz.net\/?page_id=3588","title":{"rendered":"3318 &#8211; Filosof\u00eda Pol\u00edtica (Filosof\u00eda de la Historia y de las Ciencias Sociales) 2023-1"},"content":{"rendered":"<div id=\"pl-gb3588-69f61bb80fb22\"  class=\"panel-layout wp-block-siteorigin-panels-layout-block\" ><div id=\"pg-gb3588-69f61bb80fb22-0\"  class=\"panel-grid panel-no-style\" ><div id=\"pgc-gb3588-69f61bb80fb22-0-0\"  class=\"panel-grid-cell\" ><div id=\"panel-gb3588-69f61bb80fb22-0-0-0\" class=\"so-panel widget widget_sow-accordion panel-first-child panel-last-child\" data-index=\"0\" ><div\n\t\t\t\n\t\t\tclass=\"so-widget-sow-accordion so-widget-sow-accordion-default-2b55ed2807e6-3588\"\n\t\t\t\n\t\t><div>\n\t<div class=\"sow-accordion\">\n\t\t\t<div class=\"sow-accordion-panel\"\n\t\t\t data-anchor=\"objetivos\">\n\t\t\t\t<div class=\"sow-accordion-panel-header-container\" role=\"heading\" aria-level=\"2\">\n\t\t\t\t\t<div class=\"sow-accordion-panel-header\" tabindex=\"0\" role=\"button\" id=\"accordion-label-objetivos\" aria-controls=\"accordion-content-objetivos\" aria-expanded=\"false\">\n\t\t\t\t\t\t<div class=\"sow-accordion-title sow-accordion-title-icon-left\">\n\t\t\t\t\t\t\t\t\t\t\t\t\t\tObjetivos\t\t\t\t\t\t\t\t\t\t\t\t\t<\/div>\n\t\t\t\t\t\t<div class=\"sow-accordion-open-close-button\">\n\t\t\t\t\t\t\t<div class=\"sow-accordion-open-button\">\n\t\t\t\t\t\t\t\t<span class=\"sow-icon-ionicons\" data-sow-icon=\"&#xf218;\"\n\t\t \n\t\taria-hidden=\"true\"><\/span>\t\t\t\t\t\t\t<\/div>\n\t\t\t\t\t\t\t<div class=\"sow-accordion-close-button\">\n\t\t\t\t\t\t\t\t<span class=\"sow-icon-ionicons\" data-sow-icon=\"&#xf209;\"\n\t\t \n\t\taria-hidden=\"true\"><\/span>\t\t\t\t\t\t\t<\/div>\n\t\t\t\t\t\t<\/div>\n\t\t\t\t\t<\/div>\n\t\t\t\t<\/div>\n\n\t\t\t<div\n\t\t\t\tclass=\"sow-accordion-panel-content\"\n\t\t\t\trole=\"region\"\n\t\t\t\taria-labelledby=\"accordion-label-objetivos\"\n\t\t\t\tid=\"accordion-content-objetivos\"\n\t\t\t\tstyle=\"display: none;\"\t\t\t>\n\t\t\t\t<div class=\"sow-accordion-panel-border\">\n\t\t\t\t\t<p>&nbsp;<\/p>\n<p style=\"font-weight: 400;\"><strong>El(a) alumno\/a:<\/strong><\/p>\n<p style=\"font-weight: 400;\">&#8211; Analizar\u00e1 los conceptos fundamentales de la filosof\u00eda pol\u00edtica.<\/p>\n<p style=\"font-weight: 400;\">&#8211; Analizar\u00e1 cr\u00edticamente algunos de los principales problemas y tem\u00e1ticas de la filosof\u00eda pol\u00edtica.<\/p>\n<p style=\"font-weight: 400;\">&#8211; Confrontar\u00e1, en un recorrido de car\u00e1cter hist\u00f3rico, las diferentes posiciones filos\u00f3ficas acerca de lo p\u00fablico.<\/p>\n<p style=\"font-weight: 400;\">&#8211; Delimitar\u00e1 los diferentes problemas que enmarca la pol\u00edtica como disciplina: Rep\u00fablica, Estado, comunidad, individuo, democracia.<\/p>\n<p style=\"font-weight: 400;\">&#8211; Reflexionar\u00e1 sobre la relevancia de los diferentes enfoques pol\u00edticos para la comprensi\u00f3n de nuestra realidad.<\/p>\n<p style=\"font-weight: 400;\">&#8211; Reflexionar\u00e1 sobre el origen y fundamento del Estado.<\/p>\n<p style=\"font-weight: 400;\">&#8211; Confrontar\u00e1 el modelo contractualista de los modernos con las cr\u00edticas feministas.<\/p>\n\t\t\t\t<\/div>\n\t\t\t<\/div>\n\t\t<\/div>\n\t\t\t<div class=\"sow-accordion-panel\"\n\t\t\t data-anchor=\"la-pol%c3%adtica-en-la-polis\">\n\t\t\t\t<div class=\"sow-accordion-panel-header-container\" role=\"heading\" aria-level=\"2\">\n\t\t\t\t\t<div class=\"sow-accordion-panel-header\" tabindex=\"0\" role=\"button\" id=\"accordion-label-la-pol%c3%adtica-en-la-polis\" aria-controls=\"accordion-content-la-pol%c3%adtica-en-la-polis\" aria-expanded=\"false\">\n\t\t\t\t\t\t<div class=\"sow-accordion-title sow-accordion-title-icon-left\">\n\t\t\t\t\t\t\t\t\t\t\t\t\t\tLA POL\u00cdTICA EN LA POLIS\t\t\t\t\t\t\t\t\t\t\t\t\t<\/div>\n\t\t\t\t\t\t<div class=\"sow-accordion-open-close-button\">\n\t\t\t\t\t\t\t<div class=\"sow-accordion-open-button\">\n\t\t\t\t\t\t\t\t<span class=\"sow-icon-ionicons\" data-sow-icon=\"&#xf218;\"\n\t\t \n\t\taria-hidden=\"true\"><\/span>\t\t\t\t\t\t\t<\/div>\n\t\t\t\t\t\t\t<div class=\"sow-accordion-close-button\">\n\t\t\t\t\t\t\t\t<span class=\"sow-icon-ionicons\" data-sow-icon=\"&#xf209;\"\n\t\t \n\t\taria-hidden=\"true\"><\/span>\t\t\t\t\t\t\t<\/div>\n\t\t\t\t\t\t<\/div>\n\t\t\t\t\t<\/div>\n\t\t\t\t<\/div>\n\n\t\t\t<div\n\t\t\t\tclass=\"sow-accordion-panel-content\"\n\t\t\t\trole=\"region\"\n\t\t\t\taria-labelledby=\"accordion-label-la-pol%c3%adtica-en-la-polis\"\n\t\t\t\tid=\"accordion-content-la-pol%c3%adtica-en-la-polis\"\n\t\t\t\tstyle=\"display: none;\"\t\t\t>\n\t\t\t\t<div class=\"sow-accordion-panel-border\">\n\t\t\t\t\t<p>&nbsp;<\/p>\n<p style=\"font-weight: 400;\">1.1 El hombre como ciudadano<\/p>\n<p style=\"font-weight: 400;\">1.2. La relaci\u00f3n entre \u00e9tica y pol\u00edtica<\/p>\n<p style=\"font-weight: 400;\">1.3. Las formas de gobierno pol\u00edticas y \u00e9ticas 1.4. La justicia y la polis<\/p>\n<p style=\"font-weight: 400;\"><span style=\"color: #ff6600;\"><strong>OBJETIVOS ESPEC\u00cdFICOS:<\/strong><\/span><\/p>\n<p style=\"font-weight: 400;\"><strong>El (a) alumno\/a:<\/strong><\/p>\n<p style=\"font-weight: 400;\">&#8211; Establecer\u00e1 las caracter\u00edsticas de la polis griega como paradigma de espacio p\u00fablico.<\/p>\n<p style=\"font-weight: 400;\">&#8211; Delimitar\u00e1 su campo, sus elementos y sus pretensiones.<\/p>\n<p style=\"font-weight: 400;\">&#8211; Comprender\u00e1, a trav\u00e9s de la lectura directa, el planteamiento pol\u00edtico de Arist\u00f3teles y Plat\u00f3n.<\/p>\n\t\t\t\t<\/div>\n\t\t\t<\/div>\n\t\t<\/div>\n\t\t\t<div class=\"sow-accordion-panel\"\n\t\t\t data-anchor=\"la-teor%c3%ada-del-estado-nacional\">\n\t\t\t\t<div class=\"sow-accordion-panel-header-container\" role=\"heading\" aria-level=\"2\">\n\t\t\t\t\t<div class=\"sow-accordion-panel-header\" tabindex=\"0\" role=\"button\" id=\"accordion-label-la-teor%c3%ada-del-estado-nacional\" aria-controls=\"accordion-content-la-teor%c3%ada-del-estado-nacional\" aria-expanded=\"false\">\n\t\t\t\t\t\t<div class=\"sow-accordion-title sow-accordion-title-icon-left\">\n\t\t\t\t\t\t\t\t\t\t\t\t\t\tLA TEOR\u00cdA DEL ESTADO NACIONAL\t\t\t\t\t\t\t\t\t\t\t\t\t<\/div>\n\t\t\t\t\t\t<div class=\"sow-accordion-open-close-button\">\n\t\t\t\t\t\t\t<div class=\"sow-accordion-open-button\">\n\t\t\t\t\t\t\t\t<span class=\"sow-icon-ionicons\" data-sow-icon=\"&#xf218;\"\n\t\t \n\t\taria-hidden=\"true\"><\/span>\t\t\t\t\t\t\t<\/div>\n\t\t\t\t\t\t\t<div class=\"sow-accordion-close-button\">\n\t\t\t\t\t\t\t\t<span class=\"sow-icon-ionicons\" data-sow-icon=\"&#xf209;\"\n\t\t \n\t\taria-hidden=\"true\"><\/span>\t\t\t\t\t\t\t<\/div>\n\t\t\t\t\t\t<\/div>\n\t\t\t\t\t<\/div>\n\t\t\t\t<\/div>\n\n\t\t\t<div\n\t\t\t\tclass=\"sow-accordion-panel-content\"\n\t\t\t\trole=\"region\"\n\t\t\t\taria-labelledby=\"accordion-label-la-teor%c3%ada-del-estado-nacional\"\n\t\t\t\tid=\"accordion-content-la-teor%c3%ada-del-estado-nacional\"\n\t\t\t\tstyle=\"display: none;\"\t\t\t>\n\t\t\t\t<div class=\"sow-accordion-panel-border\">\n\t\t\t\t\t<p>&nbsp;<\/p>\n<p style=\"font-weight: 400;\">2.1. De la separaci\u00f3n \u00e9tica-pol\u00edtica<\/p>\n<p style=\"font-weight: 400;\">2.2. El problema de la autoridad y la importancia de <em>la virt\u00fa<\/em><\/p>\n<p style=\"font-weight: 400;\">2.3. De la naturaleza humana: la competencia, la desconfianza y la gloria<\/p>\n<p style=\"font-weight: 400;\">2.4. El Estado absoluto y la noci\u00f3n de soberano<\/p>\n<p style=\"font-weight: 400;\"><strong><span style=\"color: #ff6600;\">OBJETIVOS ESPEC\u00cdFICOS<\/span><\/strong><\/p>\n<p style=\"font-weight: 400;\"><strong>El(a) alumno\/a:<\/strong><\/p>\n<p style=\"font-weight: 400;\">&#8211; Explicar\u00e1 y analizar\u00e1 cr\u00edticamente la noci\u00f3n de Estado naci\u00f3n.<\/p>\n<p style=\"font-weight: 400;\">&#8211; Analizar\u00e1, explicar\u00e1 y criticar\u00e1 la importancia de la autoridad, la virtud c\u00edvica, as\u00ed como del poder pol\u00edtico.<\/p>\n<p style=\"font-weight: 400;\">&#8211; Comprender\u00e1 los or\u00edgenes, el fundamento y los l\u00edmites del poder pol\u00edtico.<\/p>\n\t\t\t\t<\/div>\n\t\t\t<\/div>\n\t\t<\/div>\n\t\t\t<div class=\"sow-accordion-panel\"\n\t\t\t data-anchor=\"la-ley-y-la-rep%c3%bablica\">\n\t\t\t\t<div class=\"sow-accordion-panel-header-container\" role=\"heading\" aria-level=\"2\">\n\t\t\t\t\t<div class=\"sow-accordion-panel-header\" tabindex=\"0\" role=\"button\" id=\"accordion-label-la-ley-y-la-rep%c3%bablica\" aria-controls=\"accordion-content-la-ley-y-la-rep%c3%bablica\" aria-expanded=\"false\">\n\t\t\t\t\t\t<div class=\"sow-accordion-title sow-accordion-title-icon-left\">\n\t\t\t\t\t\t\t\t\t\t\t\t\t\tLA LEY Y LA REP\u00daBLICA\t\t\t\t\t\t\t\t\t\t\t\t\t<\/div>\n\t\t\t\t\t\t<div class=\"sow-accordion-open-close-button\">\n\t\t\t\t\t\t\t<div class=\"sow-accordion-open-button\">\n\t\t\t\t\t\t\t\t<span class=\"sow-icon-ionicons\" data-sow-icon=\"&#xf218;\"\n\t\t \n\t\taria-hidden=\"true\"><\/span>\t\t\t\t\t\t\t<\/div>\n\t\t\t\t\t\t\t<div class=\"sow-accordion-close-button\">\n\t\t\t\t\t\t\t\t<span class=\"sow-icon-ionicons\" data-sow-icon=\"&#xf209;\"\n\t\t \n\t\taria-hidden=\"true\"><\/span>\t\t\t\t\t\t\t<\/div>\n\t\t\t\t\t\t<\/div>\n\t\t\t\t\t<\/div>\n\t\t\t\t<\/div>\n\n\t\t\t<div\n\t\t\t\tclass=\"sow-accordion-panel-content\"\n\t\t\t\trole=\"region\"\n\t\t\t\taria-labelledby=\"accordion-label-la-ley-y-la-rep%c3%bablica\"\n\t\t\t\tid=\"accordion-content-la-ley-y-la-rep%c3%bablica\"\n\t\t\t\tstyle=\"display: none;\"\t\t\t>\n\t\t\t\t<div class=\"sow-accordion-panel-border\">\n\t\t\t\t\t<p>&nbsp;<\/p>\n<p style=\"font-weight: 400;\">3.1. De la soberan\u00eda y la ley<\/p>\n<p style=\"font-weight: 400;\">3.2. El esp\u00edritu de las leyes<\/p>\n<p style=\"font-weight: 400;\">3.3. La separaci\u00f3n de poderes<\/p>\n<p style=\"font-weight: 400;\">3.4. Ley y Rep\u00fablica<\/p>\n<p style=\"font-weight: 400;\"><strong><span style=\"color: #ff6600;\">OBJETIVOS ESPEC\u00cdFICOS<\/span><\/strong><\/p>\n<p style=\"font-weight: 400;\"><strong>-El(a) alumno\/a:<\/strong><\/p>\n<p style=\"font-weight: 400;\">&#8211; Delimitar\u00e1 el sentido de la legitimidad frente al concepto de legalidad.<\/p>\n<p style=\"font-weight: 400;\">&#8211; Determinar\u00e1 la importancia de la separaci\u00f3n de poderes<\/p>\n\t\t\t\t<\/div>\n\t\t\t<\/div>\n\t\t<\/div>\n\t\t\t<div class=\"sow-accordion-panel\"\n\t\t\t data-anchor=\"contractualismo-liberal\">\n\t\t\t\t<div class=\"sow-accordion-panel-header-container\" role=\"heading\" aria-level=\"2\">\n\t\t\t\t\t<div class=\"sow-accordion-panel-header\" tabindex=\"0\" role=\"button\" id=\"accordion-label-contractualismo-liberal\" aria-controls=\"accordion-content-contractualismo-liberal\" aria-expanded=\"false\">\n\t\t\t\t\t\t<div class=\"sow-accordion-title sow-accordion-title-icon-left\">\n\t\t\t\t\t\t\t\t\t\t\t\t\t\tCONTRACTUALISMO LIBERAL\t\t\t\t\t\t\t\t\t\t\t\t\t<\/div>\n\t\t\t\t\t\t<div class=\"sow-accordion-open-close-button\">\n\t\t\t\t\t\t\t<div class=\"sow-accordion-open-button\">\n\t\t\t\t\t\t\t\t<span class=\"sow-icon-ionicons\" data-sow-icon=\"&#xf218;\"\n\t\t \n\t\taria-hidden=\"true\"><\/span>\t\t\t\t\t\t\t<\/div>\n\t\t\t\t\t\t\t<div class=\"sow-accordion-close-button\">\n\t\t\t\t\t\t\t\t<span class=\"sow-icon-ionicons\" data-sow-icon=\"&#xf209;\"\n\t\t \n\t\taria-hidden=\"true\"><\/span>\t\t\t\t\t\t\t<\/div>\n\t\t\t\t\t\t<\/div>\n\t\t\t\t\t<\/div>\n\t\t\t\t<\/div>\n\n\t\t\t<div\n\t\t\t\tclass=\"sow-accordion-panel-content\"\n\t\t\t\trole=\"region\"\n\t\t\t\taria-labelledby=\"accordion-label-contractualismo-liberal\"\n\t\t\t\tid=\"accordion-content-contractualismo-liberal\"\n\t\t\t\tstyle=\"display: none;\"\t\t\t>\n\t\t\t\t<div class=\"sow-accordion-panel-border\">\n\t\t\t\t\t<p>&nbsp;<\/p>\n<p style=\"font-weight: 400;\"><em><strong>Liberalismo, individualismo posesivo<\/strong><\/em><\/p>\n<p style=\"font-weight: 400;\">4.1. El iusnaturalismo, los derechos naturales del individuo<\/p>\n<p style=\"font-weight: 400;\">4.2. El car\u00e1cter sagrado de la propiedad individual.<\/p>\n<p style=\"font-weight: 400;\">4.3. La libertad liberal<\/p>\n<p style=\"font-weight: 400;\">4.4. Las mujeres en el contrato<\/p>\n<p style=\"font-weight: 400;\"><strong><span style=\"color: #ff6600;\">OBJETIVOS ESPEC\u00cdFICOS:<\/span><\/strong><\/p>\n<p style=\"font-weight: 400;\"><strong>-El(a) alumno\/a:<\/strong><\/p>\n<p style=\"font-weight: 400;\">&#8211; Conocer\u00e1 el modelo contractualista de legitimaci\u00f3n del Estado<\/p>\n<p style=\"font-weight: 400;\">&#8211; Delimitar\u00e1 las diferentes concepciones en torno a los tipos de libertad.<\/p>\n<p style=\"font-weight: 400;\">&#8211; Analizar y criticar el modelo individualista liberal.<\/p>\n<p style=\"font-weight: 400;\">&#8211; Relacionar\u00e1 las definiciones cl\u00e1sicas de libertad con el <em>ethos liberal<\/em><\/p>\n\t\t\t\t<\/div>\n\t\t\t<\/div>\n\t\t<\/div>\n\t\t\t<div class=\"sow-accordion-panel\"\n\t\t\t data-anchor=\"contractualismo-republicano\">\n\t\t\t\t<div class=\"sow-accordion-panel-header-container\" role=\"heading\" aria-level=\"2\">\n\t\t\t\t\t<div class=\"sow-accordion-panel-header\" tabindex=\"0\" role=\"button\" id=\"accordion-label-contractualismo-republicano\" aria-controls=\"accordion-content-contractualismo-republicano\" aria-expanded=\"false\">\n\t\t\t\t\t\t<div class=\"sow-accordion-title sow-accordion-title-icon-left\">\n\t\t\t\t\t\t\t\t\t\t\t\t\t\tCONTRACTUALISMO REPUBLICANO\t\t\t\t\t\t\t\t\t\t\t\t\t<\/div>\n\t\t\t\t\t\t<div class=\"sow-accordion-open-close-button\">\n\t\t\t\t\t\t\t<div class=\"sow-accordion-open-button\">\n\t\t\t\t\t\t\t\t<span class=\"sow-icon-ionicons\" data-sow-icon=\"&#xf218;\"\n\t\t \n\t\taria-hidden=\"true\"><\/span>\t\t\t\t\t\t\t<\/div>\n\t\t\t\t\t\t\t<div class=\"sow-accordion-close-button\">\n\t\t\t\t\t\t\t\t<span class=\"sow-icon-ionicons\" data-sow-icon=\"&#xf209;\"\n\t\t \n\t\taria-hidden=\"true\"><\/span>\t\t\t\t\t\t\t<\/div>\n\t\t\t\t\t\t<\/div>\n\t\t\t\t\t<\/div>\n\t\t\t\t<\/div>\n\n\t\t\t<div\n\t\t\t\tclass=\"sow-accordion-panel-content\"\n\t\t\t\trole=\"region\"\n\t\t\t\taria-labelledby=\"accordion-label-contractualismo-republicano\"\n\t\t\t\tid=\"accordion-content-contractualismo-republicano\"\n\t\t\t\tstyle=\"display: none;\"\t\t\t>\n\t\t\t\t<div class=\"sow-accordion-panel-border\">\n\t\t\t\t\t<p>&nbsp;<\/p>\n<p style=\"font-weight: 400;\"><em><strong>El redescubrimiento de la comunidad<\/strong><\/em><\/p>\n<p style=\"font-weight: 400;\">5.1. La voluntad general<\/p>\n<p style=\"font-weight: 400;\">5.2. El origen de la desigualdad entre los hombres.<\/p>\n<p style=\"font-weight: 400;\">5.3. Kant y el pensamiento representativo<\/p>\n<p style=\"font-weight: 400;\">5.4. El sensus communis y la ciudadan\u00eda cosmopolita republicana<\/p>\n<p style=\"font-weight: 400;\"><span style=\"color: #ff6600;\"><strong>OBJETIVOS ESPEC\u00cdFICOS:<\/strong><\/span><\/p>\n<p style=\"font-weight: 400;\"><strong>El(a) alumno\/a:<\/strong><\/p>\n<p style=\"font-weight: 400;\">&#8211; Discutir\u00e1 la noci\u00f3n de voluntad general<\/p>\n<p style=\"font-weight: 400;\">&#8211; Discutir\u00e1 el sesgo de g\u00e9nero en relaci\u00f3n con el concepto de igualdad rousseauniana.<\/p>\n<p style=\"font-weight: 400;\">&#8211; Confrontar\u00e1 los conceptos de comunidad e individuo como dos ejes diversos de legitimaci\u00f3n de la vida social.<\/p>\n<p style=\"font-weight: 400;\">&#8211; Revisar\u00e1 la lectura republicana de los escritos pol\u00edticos de Kant<\/p>\n<p style=\"font-weight: 400;\">&#8211; Conocer\u00e1 la propuesta cosmopolita de Kant<\/p>\n\t\t\t\t<\/div>\n\t\t\t<\/div>\n\t\t<\/div>\n\t\t\t<div class=\"sow-accordion-panel\"\n\t\t\t data-anchor=\"el-contracto-sexual\">\n\t\t\t\t<div class=\"sow-accordion-panel-header-container\" role=\"heading\" aria-level=\"2\">\n\t\t\t\t\t<div class=\"sow-accordion-panel-header\" tabindex=\"0\" role=\"button\" id=\"accordion-label-el-contracto-sexual\" aria-controls=\"accordion-content-el-contracto-sexual\" aria-expanded=\"false\">\n\t\t\t\t\t\t<div class=\"sow-accordion-title sow-accordion-title-icon-left\">\n\t\t\t\t\t\t\t\t\t\t\t\t\t\tEL CONTRACTO SEXUAL\t\t\t\t\t\t\t\t\t\t\t\t\t<\/div>\n\t\t\t\t\t\t<div class=\"sow-accordion-open-close-button\">\n\t\t\t\t\t\t\t<div class=\"sow-accordion-open-button\">\n\t\t\t\t\t\t\t\t<span class=\"sow-icon-ionicons\" data-sow-icon=\"&#xf218;\"\n\t\t \n\t\taria-hidden=\"true\"><\/span>\t\t\t\t\t\t\t<\/div>\n\t\t\t\t\t\t\t<div class=\"sow-accordion-close-button\">\n\t\t\t\t\t\t\t\t<span class=\"sow-icon-ionicons\" data-sow-icon=\"&#xf209;\"\n\t\t \n\t\taria-hidden=\"true\"><\/span>\t\t\t\t\t\t\t<\/div>\n\t\t\t\t\t\t<\/div>\n\t\t\t\t\t<\/div>\n\t\t\t\t<\/div>\n\n\t\t\t<div\n\t\t\t\tclass=\"sow-accordion-panel-content\"\n\t\t\t\trole=\"region\"\n\t\t\t\taria-labelledby=\"accordion-label-el-contracto-sexual\"\n\t\t\t\tid=\"accordion-content-el-contracto-sexual\"\n\t\t\t\tstyle=\"display: none;\"\t\t\t>\n\t\t\t\t<div class=\"sow-accordion-panel-border\">\n\t\t\t\t\t<p>&nbsp;<\/p>\n<p style=\"font-weight: 400;\">6.1. El antecedente ilustrado<\/p>\n<p style=\"font-weight: 400;\">6.2. Los derechos de las ciudadanas<\/p>\n<p style=\"font-weight: 400;\">6.3. La opresi\u00f3n de la mujer<\/p>\n<p style=\"font-weight: 400;\">6.4. El contrato sexual<\/p>\n<p style=\"font-weight: 400;\"><strong><span style=\"color: #ff6600;\">OBJETIVOS ESPEC\u00cdFICOS: <\/span><\/strong><\/p>\n<p style=\"font-weight: 400;\"><strong>El (a) alumno\/a:<\/strong><\/p>\n<p style=\"font-weight: 400;\">&#8211; Confrontar\u00e1 los ideales igualitaristas ilustrados con la opresi\u00f3n de la mujer<\/p>\n<p style=\"font-weight: 400;\">&#8211; Los Derechos de la Mujer y la Ciudadana<\/p>\n<p style=\"font-weight: 400;\">&#8211; Conocer\u00e1 los presupuestos patriarcales del contrato social<\/p>\n<p style=\"font-weight: 400;\">&#8211; Discutir\u00e1 la noci\u00f3n de contrato de la modernidad desde una<\/p>\n<p style=\"font-weight: 400;\">perspectiva feminista<\/p>\n\t\t\t\t<\/div>\n\t\t\t<\/div>\n\t\t<\/div>\n\t\t\t<div class=\"sow-accordion-panel\"\n\t\t\t data-anchor=\"programa\">\n\t\t\t\t<div class=\"sow-accordion-panel-header-container\" role=\"heading\" aria-level=\"2\">\n\t\t\t\t\t<div class=\"sow-accordion-panel-header\" tabindex=\"0\" role=\"button\" id=\"accordion-label-programa\" aria-controls=\"accordion-content-programa\" aria-expanded=\"false\">\n\t\t\t\t\t\t<div class=\"sow-accordion-title sow-accordion-title-icon-left\">\n\t\t\t\t\t\t\t\t\t\t\t\t\t\tPrograma \t\t\t\t\t\t\t\t\t\t\t\t\t<\/div>\n\t\t\t\t\t\t<div class=\"sow-accordion-open-close-button\">\n\t\t\t\t\t\t\t<div class=\"sow-accordion-open-button\">\n\t\t\t\t\t\t\t\t<span class=\"sow-icon-ionicons\" data-sow-icon=\"&#xf218;\"\n\t\t \n\t\taria-hidden=\"true\"><\/span>\t\t\t\t\t\t\t<\/div>\n\t\t\t\t\t\t\t<div class=\"sow-accordion-close-button\">\n\t\t\t\t\t\t\t\t<span class=\"sow-icon-ionicons\" data-sow-icon=\"&#xf209;\"\n\t\t \n\t\taria-hidden=\"true\"><\/span>\t\t\t\t\t\t\t<\/div>\n\t\t\t\t\t\t<\/div>\n\t\t\t\t\t<\/div>\n\t\t\t\t<\/div>\n\n\t\t\t<div\n\t\t\t\tclass=\"sow-accordion-panel-content\"\n\t\t\t\trole=\"region\"\n\t\t\t\taria-labelledby=\"accordion-label-programa\"\n\t\t\t\tid=\"accordion-content-programa\"\n\t\t\t\tstyle=\"display: none;\"\t\t\t>\n\t\t\t\t<div class=\"sow-accordion-panel-border\">\n\t\t\t\t\t<a href=\"https:\/\/maytemunoz.net\/wp-content\/uploads\/2022\/06\/FILOSOFIA-POLITICA-UNAM-2023-1.pdf\" class=\"pdfemb-viewer\" style=\"\" data-width=\"max\" data-height=\"max\" data-toolbar=\"bottom\" data-toolbar-fixed=\"on\">FILOSOFIA POLITICA UNAM 2023-1<\/a>\n\t\t\t\t<\/div>\n\t\t\t<\/div>\n\t\t<\/div>\n\t\t<\/div>\n<\/div>\n<\/div><\/div><\/div><\/div><\/div>","protected":false},"excerpt":{"rendered":"","protected":false},"author":5,"featured_media":0,"parent":0,"menu_order":0,"comment_status":"closed","ping_status":"closed","template":"","meta":[],"_links":{"self":[{"href":"https:\/\/maytemunoz.net\/index.php?rest_route=\/wp\/v2\/pages\/3588"}],"collection":[{"href":"https:\/\/maytemunoz.net\/index.php?rest_route=\/wp\/v2\/pages"}],"about":[{"href":"https:\/\/maytemunoz.net\/index.php?rest_route=\/wp\/v2\/types\/page"}],"author":[{"embeddable":true,"href":"https:\/\/maytemunoz.net\/index.php?rest_route=\/wp\/v2\/users\/5"}],"replies":[{"embeddable":true,"href":"https:\/\/maytemunoz.net\/index.php?rest_route=%2Fwp%2Fv2%2Fcomments&post=3588"}],"version-history":[{"count":4,"href":"https:\/\/maytemunoz.net\/index.php?rest_route=\/wp\/v2\/pages\/3588\/revisions"}],"predecessor-version":[{"id":3871,"href":"https:\/\/maytemunoz.net\/index.php?rest_route=\/wp\/v2\/pages\/3588\/revisions\/3871"}],"wp:attachment":[{"href":"https:\/\/maytemunoz.net\/index.php?rest_route=%2Fwp%2Fv2%2Fmedia&parent=3588"}],"curies":[{"name":"wp","href":"https:\/\/api.w.org\/{rel}","templated":true}]}}