{"id":3618,"date":"2022-11-05T10:01:46","date_gmt":"2022-11-05T16:01:46","guid":{"rendered":"https:\/\/maytemunoz.net\/?page_id=3618"},"modified":"2022-11-05T10:57:26","modified_gmt":"2022-11-05T16:57:26","slug":"resenas-a-mis-publicaciones","status":"publish","type":"page","link":"https:\/\/maytemunoz.net\/?page_id=3618","title":{"rendered":"Rese\u00f1as a mis publicaciones"},"content":{"rendered":"\n<p>Jes\u00fas Ernesto Maga\u00f1a Garc\u00eda, <strong><a href=\"http:\/\/maytemunoz.net\/wp-content\/uploads\/2022\/11\/resena-Ernesto.pdf\" data-type=\"URL\" data-id=\"http:\/\/maytemunoz.net\/wp-content\/uploads\/2022\/11\/resena-Ernesto.pdf\">Acerca de&nbsp;<em>Hannah Arendt. Nuevas sendas para la pol\u00edtica&nbsp;<\/em>Mar\u00eda Teresa Mu\u00f1oz S\u00e1nchez<\/a><\/strong>, M\u00e9xico, Universidad Nacional Aut\u00f3noma de M\u00e9xico-Bonilla Artigas, 2020, 159 pp. Revista Intersticios, A\u00f1o 26, n\u00fam. 57, julio-diciembre 2022. <\/p>\n\n\n\n<p>Alejandra Cecilia Montero Gonz\u00e1lez. <strong><a href=\"http:\/\/maytemunoz.net\/wp-content\/uploads\/2022\/11\/Texto-do-Artigo-8239-1-10-20220722-1.pdf\" data-type=\"URL\" data-id=\"http:\/\/maytemunoz.net\/wp-content\/uploads\/2022\/11\/Texto-do-Artigo-8239-1-10-20220722-1.pdf\">Rese\u00f1a de MU\u00d1OZ Mar\u00eda Teresa,\u00a0Hannah Arendt: nuevas sendas para la pol\u00edtica<\/a><\/strong>, Ciudad de M\u00e9xico, Universidad Nacional Aut\u00f3noma de M\u00e9xico, Facultad de Filosof\u00eda y Letras, Bonilla Artigas Editores, 2020, pp. 160, CADERNOS ARENDT, V. 03, N. 05 ISSN 2675-4835<\/p>\n\n\n\n<p>Dora Elvira Garc\u00eda-G.  <strong><a href=\"http:\/\/maytemunoz.net\/wp-content\/uploads\/2022\/11\/Theoria-pruebas-.pdf\" data-type=\"URL\" data-id=\"http:\/\/maytemunoz.net\/wp-content\/uploads\/2022\/11\/Theoria-pruebas-.pdf\">Rese\u00f1a de Mu\u00f1oz, Mar\u00eda Teresa. (2020).\u00a0<em>Hannah Arendt. Nuevas sendas para la pol\u00edtica<\/em><\/a><\/strong>. Bonilla Artigas. Revista Theor\u00eda, Revista del Colegio de Filosof\u00eda, N\u00daMERO 42| junio \u2013 noviembre 2022 | 115-118.  doi:\u00a010.22201\/ffyl.16656415p.2022.42.1751<\/p>\n\n\n\n<p>Lucero Rodriguez, A. (2022). <strong><a href=\"http:\/\/maytemunoz.net\/wp-content\/uploads\/2022\/11\/ResenaPescadoradePerlas2022.pdf\" data-type=\"URL\" data-id=\"http:\/\/maytemunoz.net\/wp-content\/uploads\/2022\/11\/ResenaPescadoradePerlas2022.pdf\">Rese\u00f1a bibliogr\u00e1fica de\u00a0Hannah Arendt Nuevas sendas para la pol\u00edtica\u00a0de M. T. S\u00e1nchez Mu\u00f1oz<\/a><\/strong>.\u00a0Pescadora de Perlas. Revista de estudios arendtianos, vol. 1, n\u00b0 1, 268-273. Disponible en: https:\/\/revistas.unc.edu.ar\/index.php\/pescadoradeperlas<\/p>\n\n\n\n<p><\/p>\n\n\n\n<p> <\/p>\n","protected":false},"excerpt":{"rendered":"<p>Jes\u00fas Ernesto Maga\u00f1a Garc\u00eda, Acerca de&nbsp;Hannah Arendt. Nuevas sendas para la pol\u00edtica&nbsp;Mar\u00eda Teresa Mu\u00f1oz S\u00e1nchez, M\u00e9xico, Universidad Nacional Aut\u00f3noma de M\u00e9xico-Bonilla Artigas, 2020, 159 pp. Revista Intersticios, A\u00f1o 26, n\u00fam. 57, julio-diciembre 2022. Alejandra Cecilia Montero Gonz\u00e1lez. Rese\u00f1a de MU\u00d1OZ Mar\u00eda Teresa,\u00a0Hannah Arendt: nuevas sendas para la pol\u00edtica, Ciudad de M\u00e9xico, Universidad Nacional Aut\u00f3noma de &hellip; <\/p>\n<p class=\"link-more\"><a href=\"https:\/\/maytemunoz.net\/?page_id=3618\" class=\"more-link\">Continuar leyendo<span class=\"screen-reader-text\"> \u00abRese\u00f1as a mis publicaciones\u00bb<\/span><\/a><\/p>\n","protected":false},"author":5,"featured_media":0,"parent":0,"menu_order":0,"comment_status":"closed","ping_status":"closed","template":"","meta":[],"_links":{"self":[{"href":"https:\/\/maytemunoz.net\/index.php?rest_route=\/wp\/v2\/pages\/3618"}],"collection":[{"href":"https:\/\/maytemunoz.net\/index.php?rest_route=\/wp\/v2\/pages"}],"about":[{"href":"https:\/\/maytemunoz.net\/index.php?rest_route=\/wp\/v2\/types\/page"}],"author":[{"embeddable":true,"href":"https:\/\/maytemunoz.net\/index.php?rest_route=\/wp\/v2\/users\/5"}],"replies":[{"embeddable":true,"href":"https:\/\/maytemunoz.net\/index.php?rest_route=%2Fwp%2Fv2%2Fcomments&post=3618"}],"version-history":[{"count":4,"href":"https:\/\/maytemunoz.net\/index.php?rest_route=\/wp\/v2\/pages\/3618\/revisions"}],"predecessor-version":[{"id":3630,"href":"https:\/\/maytemunoz.net\/index.php?rest_route=\/wp\/v2\/pages\/3618\/revisions\/3630"}],"wp:attachment":[{"href":"https:\/\/maytemunoz.net\/index.php?rest_route=%2Fwp%2Fv2%2Fmedia&parent=3618"}],"curies":[{"name":"wp","href":"https:\/\/api.w.org\/{rel}","templated":true}]}}