{"id":3646,"date":"2022-11-16T11:26:50","date_gmt":"2022-11-16T17:26:50","guid":{"rendered":"https:\/\/maytemunoz.net\/?page_id=3646"},"modified":"2022-11-16T11:27:47","modified_gmt":"2022-11-16T17:27:47","slug":"debates-y-movimientos-feministas-actuales","status":"publish","type":"page","link":"https:\/\/maytemunoz.net\/?page_id=3646","title":{"rendered":"Debates y movimientos feministas actuales"},"content":{"rendered":"<p style=\"font-weight: 400;\"><strong>Objetivo general: <\/strong>Explorar y problematizar las principales propuestas te\u00f3ricas y epistemol\u00f3gicas de los feminismos contempor\u00e1neos y los estudios de g\u00e9nero.<\/p>\n<p style=\"font-weight: 400;\"><strong>Objetivos particulares:<\/strong><\/p>\n<ol>\n<li>Presentar\u00a0distintas genealog\u00edas del pensamiento y la acci\u00f3n feminista de los siglos XX y XXI.<\/li>\n<li>Conocer las distintas corrientes de pensamiento y acci\u00f3n dentro de los feminismos globales<\/li>\n<li>Enfatizar\u00a0el v\u00ednculo entre acci\u00f3n y pensamiento en los diferentes feminismos contempor\u00e1neos.<\/li>\n<li>Analizar los principales debates te\u00f3ricos y pr\u00e1cticos de la teor\u00eda decolonial y poscolonial<\/li>\n<li>Analizar las intersecciones entre feminismo, ecologismo y pensamiento ind\u00edgena.<\/li>\n<\/ol>\n<p>Acceder al curso en la siguiente liga: <strong><span style=\"color: #0000ff;\"><a style=\"color: #0000ff;\" href=\"https:\/\/classroom.google.com\/c\/NTU5MTcyMjc5NDY3?cjc=bucsqk2\">https:\/\/classroom.google.com\/c\/NTU5MTcyMjc5NDY3?cjc=bucsqk2<\/a><\/span><\/strong><\/p>\n","protected":false},"excerpt":{"rendered":"<p>Objetivo general: Explorar y problematizar las principales propuestas te\u00f3ricas y epistemol\u00f3gicas de los feminismos contempor\u00e1neos y los estudios de g\u00e9nero. Objetivos particulares: Presentar\u00a0distintas genealog\u00edas del pensamiento y la acci\u00f3n feminista de los siglos XX y XXI. Conocer las distintas corrientes de pensamiento y acci\u00f3n dentro de los feminismos globales Enfatizar\u00a0el v\u00ednculo entre acci\u00f3n y pensamiento &hellip; <\/p>\n<p class=\"link-more\"><a href=\"https:\/\/maytemunoz.net\/?page_id=3646\" class=\"more-link\">Continuar leyendo<span class=\"screen-reader-text\"> \u00abDebates y movimientos feministas actuales\u00bb<\/span><\/a><\/p>\n","protected":false},"author":5,"featured_media":0,"parent":0,"menu_order":0,"comment_status":"closed","ping_status":"closed","template":"","meta":[],"_links":{"self":[{"href":"https:\/\/maytemunoz.net\/index.php?rest_route=\/wp\/v2\/pages\/3646"}],"collection":[{"href":"https:\/\/maytemunoz.net\/index.php?rest_route=\/wp\/v2\/pages"}],"about":[{"href":"https:\/\/maytemunoz.net\/index.php?rest_route=\/wp\/v2\/types\/page"}],"author":[{"embeddable":true,"href":"https:\/\/maytemunoz.net\/index.php?rest_route=\/wp\/v2\/users\/5"}],"replies":[{"embeddable":true,"href":"https:\/\/maytemunoz.net\/index.php?rest_route=%2Fwp%2Fv2%2Fcomments&post=3646"}],"version-history":[{"count":4,"href":"https:\/\/maytemunoz.net\/index.php?rest_route=\/wp\/v2\/pages\/3646\/revisions"}],"predecessor-version":[{"id":3650,"href":"https:\/\/maytemunoz.net\/index.php?rest_route=\/wp\/v2\/pages\/3646\/revisions\/3650"}],"wp:attachment":[{"href":"https:\/\/maytemunoz.net\/index.php?rest_route=%2Fwp%2Fv2%2Fmedia&parent=3646"}],"curies":[{"name":"wp","href":"https:\/\/api.w.org\/{rel}","templated":true}]}}