{"id":3789,"date":"2024-10-29T21:47:01","date_gmt":"2024-10-30T03:47:01","guid":{"rendered":"https:\/\/maytemunoz.net\/?page_id=3789"},"modified":"2025-01-20T09:50:52","modified_gmt":"2025-01-20T15:50:52","slug":"filosofia-e-historia-social-1701","status":"publish","type":"page","link":"https:\/\/maytemunoz.net\/?page_id=3789","title":{"rendered":"1701 &#8211; Filosof\u00eda Pol\u00edtica: Contractualismo (Materia del \u00c1rea de Filosof\u00eda e Historia Social 2)"},"content":{"rendered":"<a href=\"https:\/\/maytemunoz.net\/wp-content\/uploads\/2024\/10\/1701.pdf\" class=\"pdfemb-viewer\" style=\"\" data-width=\"max\" data-height=\"max\" data-toolbar=\"bottom\" data-toolbar-fixed=\"on\">1701<\/a>\n","protected":false},"excerpt":{"rendered":"","protected":false},"author":6,"featured_media":0,"parent":0,"menu_order":0,"comment_status":"closed","ping_status":"closed","template":"","meta":[],"_links":{"self":[{"href":"https:\/\/maytemunoz.net\/index.php?rest_route=\/wp\/v2\/pages\/3789"}],"collection":[{"href":"https:\/\/maytemunoz.net\/index.php?rest_route=\/wp\/v2\/pages"}],"about":[{"href":"https:\/\/maytemunoz.net\/index.php?rest_route=\/wp\/v2\/types\/page"}],"author":[{"embeddable":true,"href":"https:\/\/maytemunoz.net\/index.php?rest_route=\/wp\/v2\/users\/6"}],"replies":[{"embeddable":true,"href":"https:\/\/maytemunoz.net\/index.php?rest_route=%2Fwp%2Fv2%2Fcomments&post=3789"}],"version-history":[{"count":2,"href":"https:\/\/maytemunoz.net\/index.php?rest_route=\/wp\/v2\/pages\/3789\/revisions"}],"predecessor-version":[{"id":3866,"href":"https:\/\/maytemunoz.net\/index.php?rest_route=\/wp\/v2\/pages\/3789\/revisions\/3866"}],"wp:attachment":[{"href":"https:\/\/maytemunoz.net\/index.php?rest_route=%2Fwp%2Fv2%2Fmedia&parent=3789"}],"curies":[{"name":"wp","href":"https:\/\/api.w.org\/{rel}","templated":true}]}}