{"id":3814,"date":"2025-01-12T12:38:48","date_gmt":"2025-01-12T18:38:48","guid":{"rendered":"https:\/\/maytemunoz.net\/?page_id=3814"},"modified":"2025-01-20T09:47:42","modified_gmt":"2025-01-20T15:47:42","slug":"temas-contemporaneos-de-filosofia-de-la-historia-y-ciencias-sociales","status":"publish","type":"page","link":"https:\/\/maytemunoz.net\/?page_id=3814","title":{"rendered":"3217 &#8211; Filosof\u00eda Pol\u00edtica Siglo XX (Temas Contempor\u00e1neos de Filosof\u00eda de la Historia y de las Ciencias Sociales)"},"content":{"rendered":"<a href=\"https:\/\/maytemunoz.net\/wp-content\/uploads\/2025\/01\/Temas-contemporaneos-de-filosofia-de-la-historia-y-ciencias-sociales.pdf\" class=\"pdfemb-viewer\" style=\"\" data-width=\"max\" data-height=\"max\" data-toolbar=\"bottom\" data-toolbar-fixed=\"on\">\u201cTemas contempor\u00e1neos de filosof\u00eda de la historia y ciencias sociales\u201d<\/a>\n","protected":false},"excerpt":{"rendered":"","protected":false},"author":6,"featured_media":0,"parent":0,"menu_order":0,"comment_status":"closed","ping_status":"closed","template":"","meta":[],"_links":{"self":[{"href":"https:\/\/maytemunoz.net\/index.php?rest_route=\/wp\/v2\/pages\/3814"}],"collection":[{"href":"https:\/\/maytemunoz.net\/index.php?rest_route=\/wp\/v2\/pages"}],"about":[{"href":"https:\/\/maytemunoz.net\/index.php?rest_route=\/wp\/v2\/types\/page"}],"author":[{"embeddable":true,"href":"https:\/\/maytemunoz.net\/index.php?rest_route=\/wp\/v2\/users\/6"}],"replies":[{"embeddable":true,"href":"https:\/\/maytemunoz.net\/index.php?rest_route=%2Fwp%2Fv2%2Fcomments&post=3814"}],"version-history":[{"count":5,"href":"https:\/\/maytemunoz.net\/index.php?rest_route=\/wp\/v2\/pages\/3814\/revisions"}],"predecessor-version":[{"id":3860,"href":"https:\/\/maytemunoz.net\/index.php?rest_route=\/wp\/v2\/pages\/3814\/revisions\/3860"}],"wp:attachment":[{"href":"https:\/\/maytemunoz.net\/index.php?rest_route=%2Fwp%2Fv2%2Fmedia&parent=3814"}],"curies":[{"name":"wp","href":"https:\/\/api.w.org\/{rel}","templated":true}]}}