{"id":4088,"date":"2026-01-13T09:40:44","date_gmt":"2026-01-13T15:40:44","guid":{"rendered":"https:\/\/maytemunoz.net\/?page_id=4088"},"modified":"2026-01-13T09:40:44","modified_gmt":"2026-01-13T15:40:44","slug":"1611-filosofia-politica-clasica-2026-2","status":"publish","type":"page","link":"https:\/\/maytemunoz.net\/?page_id=4088","title":{"rendered":"1611 &#8211; Filosof\u00eda Pol\u00edtica Cl\u00e1sica  (2026-2)"},"content":{"rendered":"<a href=\"https:\/\/maytemunoz.net\/wp-content\/uploads\/2026\/01\/1611-2026-2.pdf\" class=\"pdfemb-viewer\" style=\"\" data-width=\"max\" data-height=\"max\" data-toolbar=\"bottom\" data-toolbar-fixed=\"on\">1611 (2026-2)<\/a>\n","protected":false},"excerpt":{"rendered":"","protected":false},"author":6,"featured_media":0,"parent":0,"menu_order":0,"comment_status":"closed","ping_status":"closed","template":"","meta":[],"_links":{"self":[{"href":"https:\/\/maytemunoz.net\/index.php?rest_route=\/wp\/v2\/pages\/4088"}],"collection":[{"href":"https:\/\/maytemunoz.net\/index.php?rest_route=\/wp\/v2\/pages"}],"about":[{"href":"https:\/\/maytemunoz.net\/index.php?rest_route=\/wp\/v2\/types\/page"}],"author":[{"embeddable":true,"href":"https:\/\/maytemunoz.net\/index.php?rest_route=\/wp\/v2\/users\/6"}],"replies":[{"embeddable":true,"href":"https:\/\/maytemunoz.net\/index.php?rest_route=%2Fwp%2Fv2%2Fcomments&post=4088"}],"version-history":[{"count":1,"href":"https:\/\/maytemunoz.net\/index.php?rest_route=\/wp\/v2\/pages\/4088\/revisions"}],"predecessor-version":[{"id":4090,"href":"https:\/\/maytemunoz.net\/index.php?rest_route=\/wp\/v2\/pages\/4088\/revisions\/4090"}],"wp:attachment":[{"href":"https:\/\/maytemunoz.net\/index.php?rest_route=%2Fwp%2Fv2%2Fmedia&parent=4088"}],"curies":[{"name":"wp","href":"https:\/\/api.w.org\/{rel}","templated":true}]}}