{"id":4109,"date":"2026-01-22T08:10:20","date_gmt":"2026-01-22T14:10:20","guid":{"rendered":"https:\/\/maytemunoz.net\/?page_id=4109"},"modified":"2026-01-22T08:10:20","modified_gmt":"2026-01-22T14:10:20","slug":"seminario-de-temas-selectos-agencia-corporeidad-afectos-discusiones-metafisicas-epistemicas-y-politicas-2026-2","status":"publish","type":"page","link":"https:\/\/maytemunoz.net\/?page_id=4109","title":{"rendered":"Seminario de temas selectos: agencia, corporeidad, afectos. Discusiones metaf\u00edsicas, epist\u00e9micas y pol\u00edticas (2026-2)"},"content":{"rendered":"<a href=\"https:\/\/maytemunoz.net\/wp-content\/uploads\/2026\/01\/Seminario-de-temas-selectos-Agencia-sorporeidad-afectos.pdf\" class=\"pdfemb-viewer\" style=\"\" data-width=\"max\" data-height=\"max\" data-toolbar=\"bottom\" data-toolbar-fixed=\"on\">Seminario de temas selectos- Agencia, sorporeidad, afectos<\/a>\n","protected":false},"excerpt":{"rendered":"","protected":false},"author":6,"featured_media":0,"parent":0,"menu_order":0,"comment_status":"closed","ping_status":"closed","template":"","meta":[],"_links":{"self":[{"href":"https:\/\/maytemunoz.net\/index.php?rest_route=\/wp\/v2\/pages\/4109"}],"collection":[{"href":"https:\/\/maytemunoz.net\/index.php?rest_route=\/wp\/v2\/pages"}],"about":[{"href":"https:\/\/maytemunoz.net\/index.php?rest_route=\/wp\/v2\/types\/page"}],"author":[{"embeddable":true,"href":"https:\/\/maytemunoz.net\/index.php?rest_route=\/wp\/v2\/users\/6"}],"replies":[{"embeddable":true,"href":"https:\/\/maytemunoz.net\/index.php?rest_route=%2Fwp%2Fv2%2Fcomments&post=4109"}],"version-history":[{"count":1,"href":"https:\/\/maytemunoz.net\/index.php?rest_route=\/wp\/v2\/pages\/4109\/revisions"}],"predecessor-version":[{"id":4111,"href":"https:\/\/maytemunoz.net\/index.php?rest_route=\/wp\/v2\/pages\/4109\/revisions\/4111"}],"wp:attachment":[{"href":"https:\/\/maytemunoz.net\/index.php?rest_route=%2Fwp%2Fv2%2Fmedia&parent=4109"}],"curies":[{"name":"wp","href":"https:\/\/api.w.org\/{rel}","templated":true}]}}